{"id":4765,"date":"2020-02-14T11:01:24","date_gmt":"2020-02-14T04:01:24","guid":{"rendered":"http:\/\/13.250.117.83\/offices\/ha-noi\/"},"modified":"2025-08-13T09:51:30","modified_gmt":"2025-08-13T02:51:30","slug":"ha-noi","status":"publish","type":"page","link":"https:\/\/ykvn-law.com\/vi\/offices\/ha-noi\/","title":{"rendered":"H\u00e0 N\u1ed9i"},"content":{"rendered":"<div class=\"wpb-content-wrapper\">[mk_page_section bg_position=&#8221;center bottom&#8221; bg_repeat=&#8221;no-repeat&#8221; bg_stretch=&#8221;true&#8221; min_height=&#8221;&#8221; full_width=&#8221;true&#8221; padding_top=&#8221;0&#8243; el_class=&#8221;h-o-video&#8221; sidebar=&#8221;sidebar-1&#8243;][vc_column][vc_column_text css=&#8221;.vc_custom_1700800290533{margin-bottom: 0px !important;}&#8221;]\n<div data-mode=\"normal\" data-provider=\"html5\" id=\"arve-html5-\" class=\"arve\">\n\t<div class=\"arve-inner\">\n\t\t<div style=\"aspect-ratio:3\/1\" class=\"arve-embed arve-embed--has-aspect-ratio\">\n\t\t\t<div class=\"arve-ar\" style=\"padding-top:33.333333%\"><\/div>\n\t\t\t<video autoplay class=\"arve-video fitvidsignore\" controls controlslist=\"\" data-arve=\"arve-html5-\" loop muted=\"muted by ARVE because autoplay is on\" onloadstart=\"this.volume=1\" preload=\"metadata\"><source type=\"video\/mp4\" src=\"https:\/\/s3.ap-southeast-1.amazonaws.com\/ykvn-law.com\/wp-content\/uploads\/2020\/02\/hanoi.mp4\"><\/video>\n\t\t\t\n\t\t<\/div>\n\t\t\n\t<\/div>\n\t\n\t\n\t<script type=\"application\/ld+json\">{\"@context\":\"http:\\\/\\\/schema.org\\\/\",\"@id\":\"https:\\\/\\\/ykvn-law.com\\\/vi\\\/offices\\\/ha-noi\\\/#arve-html5-\",\"type\":\"VideoObject\",\"contentURL\":\"https:\\\/\\\/s3.ap-southeast-1.amazonaws.com\\\/ykvn-law.com\\\/wp-content\\\/uploads\\\/2020\\\/02\\\/hanoi.mp4\"}<\/script>\n<\/div>[\/vc_column_text][\/vc_column][\/mk_page_section][mk_page_section padding_top=&#8221;40&#8243; el_class=&#8221;location-section&#8221; sidebar=&#8221;sidebar-1&#8243;][vc_column width=&#8221;2\/3&#8243;][vc_column_text css=&#8221;.vc_custom_1603870698672{margin-bottom: 0px !important;}&#8221;]\n<h1>H\u00e0 N\u1ed9i<\/h1>\n[\/vc_column_text][vc_column_text css=&#8221;.vc_custom_1702616802000{margin-bottom: 0px !important;}&#8221;]V\u0103n ph\u00f2ng H\u00e0 N\u1ed9i, \u0111\u1eb7t t\u1ea1i th\u00e0nh ph\u1ed1 th\u1ee7 \u0111\u00f4 c\u1ee7a Vi\u1ec7t Nam, l\u00e0 n\u01a1i duy tr\u00ec ho\u1ea1t \u0111\u1ed9ng t\u01b0 v\u1ea5n trong khu v\u1ef1c c\u00f4ng c\u1ee7a YKVN.<\/p>\n<p>V\u1edbi \u0111\u1ed9i ng\u0169 h\u01a1n 30 lu\u1eadt s\u01b0, bao g\u1ed3m 4 lu\u1eadt s\u01b0 th\u00e0nh vi\u00ean, v\u0103n ph\u00f2ng H\u00e0 N\u1ed9i c\u1ee7a YKVN ho\u1ea1t \u0111\u1ed9ng trong nhi\u1ec1u l\u0129nh v\u1ef1c \u0111a d\u1ea1ng, bao g\u1ed3m ho\u1ea1t \u0111\u1ed9ng doanh nghi\u1ec7p, ng\u00e2n h\u00e0ng v\u00e0 t\u00e0i ch\u00ednh, mua b\u00e1n v\u00e0 s\u00e1p nh\u1eadp, d\u1ef1 \u00e1n, gi\u1ea3i quy\u1ebft tranh ch\u1ea5p, th\u1ecb tr\u01b0\u1eddng v\u1ed1n.[\/vc_column_text][mk_padding_divider size=&#8221;20&#8243;][vc_tta_accordion style=&#8221;outline&#8221; color=&#8221;white&#8221; c_icon=&#8221;chevron&#8221; active_section=&#8221;99&#8243; collapsible_all=&#8221;true&#8221;][vc_tta_section title=&#8221;\u0110\u1ed9i ng\u0169&#8221; tab_id=&#8221;team&#8221;][mk_employees column=&#8221;4&#8243; custom_image_size=&#8221;true&#8221; image_size=&#8221;medium&#8221; rounded_image=&#8221;false&#8221; grayscale_image=&#8221;false&#8221; count=&#8221;-1&#8243; order=&#8221;ASC&#8221; orderby=&#8221;post__in&#8221; name_color=&#8221;#223c7e&#8221; position_color=&#8221;#223c7e&#8221; about_color=&#8221;#706f6f&#8221; categories=&#8221;hanoi&#8221; employees=&#8221;4542, 4524, 4520, 4474, 4480, 10202, 10193&#8243;][\/vc_tta_section][\/vc_tta_accordion][mk_padding_divider][\/vc_column][vc_column width=&#8221;1\/3&#8243;][mk_fancy_title size=&#8221;24&#8243; font_weight=&#8221;600&#8243; margin_bottom=&#8221;10&#8243; font_family=&#8221;none&#8221; align=&#8221;center&#8221; el_class=&#8221;red-block-before&#8221;]Li\u00ean h\u1ec7[\/mk_fancy_title][vc_row_inner el_class=&#8221;location-contant-row&#8221;][vc_column_inner width=&#8221;5\/12&#8243;][vc_single_image image=&#8221;11057&#8243; img_size=&#8221;&#8221; el_class=&#8221;contact-img&#8221;][\/vc_column_inner][vc_column_inner width=&#8221;7\/12&#8243;][vc_column_text css=&#8221;.vc_custom_1603870888164{margin-bottom: 0px !important;}&#8221;]\n<h4>Di\u1ec7p Ho\u00e0i Nam<\/h4>\n[\/vc_column_text][vc_column_text css=&#8221;.vc_custom_1611050233562{margin-bottom: 0px !important;}&#8221;]<strong>Lu\u1eadt S\u01b0 Th\u00e0nh Vi\u00ean<\/strong>[\/vc_column_text][vc_column_text css=&#8221;.vc_custom_1583823778941{margin-bottom: 0px !important;}&#8221;]<a href=\"tel:842439345410\">t. (84-24) 3934 5410<\/a><br \/>\n<a href=\"mailto:nam.diep@ykvn-law.com\">nam.diep@ykvn-law.com<\/a>[\/vc_column_text][\/vc_column_inner][\/vc_row_inner][mk_padding_divider size=&#8221;20&#8243;][vc_row_inner el_class=&#8221;location-contant-row&#8221;][vc_column_inner width=&#8221;5\/12&#8243;][vc_single_image image=&#8221;12219&#8243; img_size=&#8221;&#8221; el_class=&#8221;contact-img&#8221;][\/vc_column_inner][vc_column_inner width=&#8221;7\/12&#8243;][vc_column_text css=&#8221;.vc_custom_1603870937519{margin-bottom: 0px !important;}&#8221;]\n<h4>D\u01b0\u01a1ng Thu H\u00e0<\/h4>\n[\/vc_column_text][vc_column_text css=&#8221;.vc_custom_1611050252762{margin-bottom: 0px !important;}&#8221;]<strong>Lu\u1eadt S\u01b0 Th\u00e0nh Vi\u00ean<\/strong>[\/vc_column_text][vc_column_text css=&#8221;.vc_custom_1611050240284{margin-bottom: 0px !important;}&#8221;]<a href=\"tel:842439345410\">t. (84-24) 3934 5410<\/a><br \/>\n<a href=\"mailto:ha.duong@ykvn-law.com\">ha.duong@ykvn-law.com<\/a>[\/vc_column_text][\/vc_column_inner][\/vc_row_inner][mk_padding_divider size=&#8221;20&#8243;][vc_row_inner el_class=&#8221;location-contant-row&#8221;][vc_column_inner width=&#8221;5\/12&#8243;][vc_single_image image=&#8221;11283&#8243; img_size=&#8221;&#8221; el_class=&#8221;contact-img&#8221;][\/vc_column_inner][vc_column_inner width=&#8221;7\/12&#8243;][vc_column_text css=&#8221;.vc_custom_1603870962801{margin-bottom: 0px !important;}&#8221;]\n<h4>L\u01b0u Ti\u1ebfn D\u0169ng<\/h4>\n[\/vc_column_text][vc_column_text css=&#8221;.vc_custom_1611050264532{margin-bottom: 0px !important;}&#8221;]<strong>Lu\u1eadt S\u01b0 Th\u00e0nh Vi\u00ean<\/strong>[\/vc_column_text][vc_column_text css=&#8221;.vc_custom_1583805457709{margin-bottom: 0px !important;}&#8221;]<a href=\"tel:842439345410\">t. (84-24) 3934 5410<\/a><br \/>\n<a href=\"mailto:dzung.luu@ykvn-law.com\">dzung.luu@ykvn-law.com<\/a>[\/vc_column_text][\/vc_column_inner][\/vc_row_inner][mk_padding_divider size=&#8221;20&#8243;][mk_fancy_title size=&#8221;24&#8243; font_weight=&#8221;600&#8243; margin_bottom=&#8221;10&#8243; font_family=&#8221;none&#8221;]V\u0103n ph\u00f2ng[\/mk_fancy_title][vc_gmaps link=&#8221;#E-8_JTNDaWZyYW1lJTIwc3JjJTNEJTIyaHR0cHMlM0ElMkYlMkZ3d3cuZ29vZ2xlLmNvbSUyRm1hcHMlMkZlbWJlZCUzRnBiJTNEJTIxMW0xOCUyMTFtMTIlMjExbTMlMjExZDM3MjQuMTk0MjUwNTA5NzExMyUyMTJkMTA1Ljg0MTIzMTQxNTIwODglMjEzZDIxLjAyNDkxMjE4NjAwMDQ0MiUyMTJtMyUyMTFmMCUyMTJmMCUyMTNmMCUyMTNtMiUyMTFpMTAyNCUyMTJpNzY4JTIxNGYxMy4xJTIxM20zJTIxMW0yJTIxMXMweDMxMzVhYjkwZDY5MDc3MTUlMjUzQTB4ZGY5NzM5ZTJmYWM3NzI0NiUyMTJzUGFjaWZpYyUyNTIwUGxhY2UlMjE1ZTAlMjEzbTIlMjExc2VuJTIxMnMlMjE0djE1ODIxMDY5MTEwNTglMjE1bTIlMjExc2VuJTIxMnMlMjIlMjB3aWR0aCUzRCUyMjYwMCUyMiUyMGhlaWdodCUzRCUyMjQ1MCUyMiUyMGZyYW1lYm9yZGVyJTNEJTIyMCUyMiUyMHN0eWxlJTNEJTIyYm9yZGVyJTNBMCUzQiUyMiUyMGFsbG93ZnVsbHNjcmVlbiUzRCUyMiUyMiUzRSUzQyUyRmlmcmFtZSUzRQ==&#8221; size=&#8221;250&#8243;][vc_column_text css=&#8221;.vc_custom_1755053488650{margin-bottom: 0px !important;}&#8221;]V1601-04, Pacific Place<br \/>\n83B L\u00fd Th\u01b0\u1eddng Ki\u1ec7t<br \/>\nPh\u01b0\u1eddng C\u1eeda Nam, H\u00e0 N\u1ed9i, Vi\u1ec7t Nam<br \/>\n\u0110i\u1ec7n tho\u1ea1i: (84-24) 3934 5410[\/vc_column_text][mk_padding_divider][\/vc_column][\/mk_page_section]\n<\/div>","protected":false},"excerpt":{"rendered":"<p>[mk_page_section bg_position=&#8221;center bottom&#8221; bg_repeat=&#8221;no-repeat&#8221; bg_stretch=&#8221;true&#8221; min_height=&#8221;&#8221; full_width=&#8221;true&#8221; padding_top=&#8221;0&#8243; el_class=&#8221;h-o-video&#8221; sidebar=&#8221;sidebar-1&#8243;][vc_column][vc_column_text css=&#8221;.vc_custom_1700800290533{margin-bottom: 0px !important;}&#8221;][\/vc_column_text][\/vc_column][\/mk_page_section][mk_page_section padding_top=&#8221;40&#8243; el_class=&#8221;location-section&#8221; sidebar=&#8221;sidebar-1&#8243;][vc_column width=&#8221;2\/3&#8243;][vc_column_text css=&#8221;.vc_custom_1603870698672{margin-bottom: 0px !important;}&#8221;] H\u00e0 N\u1ed9i [\/vc_column_text][vc_column_text css=&#8221;.vc_custom_1702616802000{margin-bottom: 0px !important;}&#8221;]V\u0103n ph\u00f2ng H\u00e0 N\u1ed9i, \u0111\u1eb7t t\u1ea1i th\u00e0nh ph\u1ed1 th\u1ee7 \u0111\u00f4 c\u1ee7a Vi\u1ec7t Nam, l\u00e0 n\u01a1i duy tr\u00ec ho\u1ea1t \u0111\u1ed9ng t\u01b0 v\u1ea5n trong khu v\u1ef1c c\u00f4ng c\u1ee7a YKVN. V\u1edbi \u0111\u1ed9i ng\u0169 [&hellip;]<\/p>\n","protected":false},"author":2,"featured_media":0,"parent":2049,"menu_order":0,"comment_status":"closed","ping_status":"closed","template":"","meta":{"_acf_changed":false,"footnotes":""},"class_list":["post-4765","page","type-page","status-publish","hentry"],"acf":[],"yoast_head":"<!-- This site is optimized with the Yoast SEO plugin v25.3.1 - https:\/\/yoast.com\/wordpress\/plugins\/seo\/ -->\n<title>H\u00e0 N\u1ed9i - YKVN<\/title>\n<meta name=\"robots\" content=\"index, follow, max-snippet:-1, max-image-preview:large, max-video-preview:-1\" \/>\n<link rel=\"canonical\" href=\"https:\/\/ykvn-law.com\/vi\/offices\/ha-noi\/\" \/>\n<meta property=\"og:locale\" content=\"vi_VN\" \/>\n<meta property=\"og:type\" content=\"article\" \/>\n<meta property=\"og:title\" content=\"H\u00e0 N\u1ed9i - YKVN\" \/>\n<meta property=\"og:description\" content=\"[mk_page_section bg_position=&#8221;center bottom&#8221; bg_repeat=&#8221;no-repeat&#8221; bg_stretch=&#8221;true&#8221; min_height=&#8221;&#8221; full_width=&#8221;true&#8221; padding_top=&#8221;0&#8243; el_class=&#8221;h-o-video&#8221; sidebar=&#8221;sidebar-1&#8243;][vc_column][vc_column_text css=&#8221;.vc_custom_1700800290533{margin-bottom: 0px !important;}&#8221;][\/vc_column_text][\/vc_column][\/mk_page_section][mk_page_section padding_top=&#8221;40&#8243; el_class=&#8221;location-section&#8221; sidebar=&#8221;sidebar-1&#8243;][vc_column width=&#8221;2\/3&#8243;][vc_column_text css=&#8221;.vc_custom_1603870698672{margin-bottom: 0px !important;}&#8221;] H\u00e0 N\u1ed9i [\/vc_column_text][vc_column_text css=&#8221;.vc_custom_1702616802000{margin-bottom: 0px !important;}&#8221;]V\u0103n ph\u00f2ng H\u00e0 N\u1ed9i, \u0111\u1eb7t t\u1ea1i th\u00e0nh ph\u1ed1 th\u1ee7 \u0111\u00f4 c\u1ee7a Vi\u1ec7t Nam, l\u00e0 n\u01a1i duy tr\u00ec ho\u1ea1t \u0111\u1ed9ng t\u01b0 v\u1ea5n trong khu v\u1ef1c c\u00f4ng c\u1ee7a YKVN. V\u1edbi \u0111\u1ed9i ng\u0169 [&hellip;]\" \/>\n<meta property=\"og:url\" content=\"https:\/\/ykvn-law.com\/vi\/offices\/ha-noi\/\" \/>\n<meta property=\"og:site_name\" content=\"YKVN\" \/>\n<meta property=\"article:publisher\" content=\"https:\/\/www.facebook.com\/ykvnlawyers\" \/>\n<meta property=\"article:modified_time\" content=\"2025-08-13T02:51:30+00:00\" \/>\n<meta name=\"twitter:card\" content=\"summary_large_image\" \/>\n<meta name=\"twitter:label1\" content=\"Est. reading time\" \/>\n\t<meta name=\"twitter:data1\" content=\"2 minutes\" \/>\n<script type=\"application\/ld+json\" class=\"yoast-schema-graph\">{\"@context\":\"https:\/\/schema.org\",\"@graph\":[{\"@type\":\"WebPage\",\"@id\":\"https:\/\/ykvn-law.com\/vi\/offices\/ha-noi\/\",\"url\":\"https:\/\/ykvn-law.com\/vi\/offices\/ha-noi\/\",\"name\":\"H\u00e0 N\u1ed9i - YKVN\",\"isPartOf\":{\"@id\":\"https:\/\/ykvn-law.com\/vi\/#website\"},\"datePublished\":\"2020-02-14T04:01:24+00:00\",\"dateModified\":\"2025-08-13T02:51:30+00:00\",\"breadcrumb\":{\"@id\":\"https:\/\/ykvn-law.com\/vi\/offices\/ha-noi\/#breadcrumb\"},\"inLanguage\":\"vi-VN\",\"potentialAction\":[{\"@type\":\"ReadAction\",\"target\":[\"https:\/\/ykvn-law.com\/vi\/offices\/ha-noi\/\"]}]},{\"@type\":\"BreadcrumbList\",\"@id\":\"https:\/\/ykvn-law.com\/vi\/offices\/ha-noi\/#breadcrumb\",\"itemListElement\":[{\"@type\":\"ListItem\",\"position\":1,\"name\":\"Home\",\"item\":\"https:\/\/ykvn-law.com\/vi\/\"},{\"@type\":\"ListItem\",\"position\":2,\"name\":\"V\u0103n Ph\u00f2ng\",\"item\":\"https:\/\/ykvn-law.com\/vi\/offices\/\"},{\"@type\":\"ListItem\",\"position\":3,\"name\":\"H\u00e0 N\u1ed9i\"}]},{\"@type\":\"WebSite\",\"@id\":\"https:\/\/ykvn-law.com\/vi\/#website\",\"url\":\"https:\/\/ykvn-law.com\/vi\/\",\"name\":\"YKVN\",\"description\":\"\",\"publisher\":{\"@id\":\"https:\/\/ykvn-law.com\/vi\/#organization\"},\"potentialAction\":[{\"@type\":\"SearchAction\",\"target\":{\"@type\":\"EntryPoint\",\"urlTemplate\":\"https:\/\/ykvn-law.com\/vi\/?s={search_term_string}\"},\"query-input\":{\"@type\":\"PropertyValueSpecification\",\"valueRequired\":true,\"valueName\":\"search_term_string\"}}],\"inLanguage\":\"vi-VN\"},{\"@type\":\"Organization\",\"@id\":\"https:\/\/ykvn-law.com\/vi\/#organization\",\"name\":\"YKVN\",\"url\":\"https:\/\/ykvn-law.com\/vi\/\",\"logo\":{\"@type\":\"ImageObject\",\"inLanguage\":\"vi-VN\",\"@id\":\"https:\/\/ykvn-law.com\/vi\/#\/schema\/logo\/image\/\",\"url\":\"https:\/\/s3.ap-southeast-1.amazonaws.com\/ykvn-law.com\/wp-content\/uploads\/2019\/11\/ykvn-logo-for-design-gutters.png\",\"contentUrl\":\"https:\/\/s3.ap-southeast-1.amazonaws.com\/ykvn-law.com\/wp-content\/uploads\/2019\/11\/ykvn-logo-for-design-gutters.png\",\"width\":2571,\"height\":1649,\"caption\":\"YKVN\"},\"image\":{\"@id\":\"https:\/\/ykvn-law.com\/vi\/#\/schema\/logo\/image\/\"},\"sameAs\":[\"https:\/\/www.facebook.com\/ykvnlawyers\"]}]}<\/script>\n<!-- \/ Yoast SEO plugin. -->","yoast_head_json":{"title":"H\u00e0 N\u1ed9i - YKVN","robots":{"index":"index","follow":"follow","max-snippet":"max-snippet:-1","max-image-preview":"max-image-preview:large","max-video-preview":"max-video-preview:-1"},"canonical":"https:\/\/ykvn-law.com\/vi\/offices\/ha-noi\/","og_locale":"vi_VN","og_type":"article","og_title":"H\u00e0 N\u1ed9i - YKVN","og_description":"[mk_page_section bg_position=&#8221;center bottom&#8221; bg_repeat=&#8221;no-repeat&#8221; bg_stretch=&#8221;true&#8221; min_height=&#8221;&#8221; full_width=&#8221;true&#8221; padding_top=&#8221;0&#8243; el_class=&#8221;h-o-video&#8221; sidebar=&#8221;sidebar-1&#8243;][vc_column][vc_column_text css=&#8221;.vc_custom_1700800290533{margin-bottom: 0px !important;}&#8221;][\/vc_column_text][\/vc_column][\/mk_page_section][mk_page_section padding_top=&#8221;40&#8243; el_class=&#8221;location-section&#8221; sidebar=&#8221;sidebar-1&#8243;][vc_column width=&#8221;2\/3&#8243;][vc_column_text css=&#8221;.vc_custom_1603870698672{margin-bottom: 0px !important;}&#8221;] H\u00e0 N\u1ed9i [\/vc_column_text][vc_column_text css=&#8221;.vc_custom_1702616802000{margin-bottom: 0px !important;}&#8221;]V\u0103n ph\u00f2ng H\u00e0 N\u1ed9i, \u0111\u1eb7t t\u1ea1i th\u00e0nh ph\u1ed1 th\u1ee7 \u0111\u00f4 c\u1ee7a Vi\u1ec7t Nam, l\u00e0 n\u01a1i duy tr\u00ec ho\u1ea1t \u0111\u1ed9ng t\u01b0 v\u1ea5n trong khu v\u1ef1c c\u00f4ng c\u1ee7a YKVN. V\u1edbi \u0111\u1ed9i ng\u0169 [&hellip;]","og_url":"https:\/\/ykvn-law.com\/vi\/offices\/ha-noi\/","og_site_name":"YKVN","article_publisher":"https:\/\/www.facebook.com\/ykvnlawyers","article_modified_time":"2025-08-13T02:51:30+00:00","twitter_card":"summary_large_image","twitter_misc":{"Est. reading time":"2 minutes"},"schema":{"@context":"https:\/\/schema.org","@graph":[{"@type":"WebPage","@id":"https:\/\/ykvn-law.com\/vi\/offices\/ha-noi\/","url":"https:\/\/ykvn-law.com\/vi\/offices\/ha-noi\/","name":"H\u00e0 N\u1ed9i - YKVN","isPartOf":{"@id":"https:\/\/ykvn-law.com\/vi\/#website"},"datePublished":"2020-02-14T04:01:24+00:00","dateModified":"2025-08-13T02:51:30+00:00","breadcrumb":{"@id":"https:\/\/ykvn-law.com\/vi\/offices\/ha-noi\/#breadcrumb"},"inLanguage":"vi-VN","potentialAction":[{"@type":"ReadAction","target":["https:\/\/ykvn-law.com\/vi\/offices\/ha-noi\/"]}]},{"@type":"BreadcrumbList","@id":"https:\/\/ykvn-law.com\/vi\/offices\/ha-noi\/#breadcrumb","itemListElement":[{"@type":"ListItem","position":1,"name":"Home","item":"https:\/\/ykvn-law.com\/vi\/"},{"@type":"ListItem","position":2,"name":"V\u0103n Ph\u00f2ng","item":"https:\/\/ykvn-law.com\/vi\/offices\/"},{"@type":"ListItem","position":3,"name":"H\u00e0 N\u1ed9i"}]},{"@type":"WebSite","@id":"https:\/\/ykvn-law.com\/vi\/#website","url":"https:\/\/ykvn-law.com\/vi\/","name":"YKVN","description":"","publisher":{"@id":"https:\/\/ykvn-law.com\/vi\/#organization"},"potentialAction":[{"@type":"SearchAction","target":{"@type":"EntryPoint","urlTemplate":"https:\/\/ykvn-law.com\/vi\/?s={search_term_string}"},"query-input":{"@type":"PropertyValueSpecification","valueRequired":true,"valueName":"search_term_string"}}],"inLanguage":"vi-VN"},{"@type":"Organization","@id":"https:\/\/ykvn-law.com\/vi\/#organization","name":"YKVN","url":"https:\/\/ykvn-law.com\/vi\/","logo":{"@type":"ImageObject","inLanguage":"vi-VN","@id":"https:\/\/ykvn-law.com\/vi\/#\/schema\/logo\/image\/","url":"https:\/\/s3.ap-southeast-1.amazonaws.com\/ykvn-law.com\/wp-content\/uploads\/2019\/11\/ykvn-logo-for-design-gutters.png","contentUrl":"https:\/\/s3.ap-southeast-1.amazonaws.com\/ykvn-law.com\/wp-content\/uploads\/2019\/11\/ykvn-logo-for-design-gutters.png","width":2571,"height":1649,"caption":"YKVN"},"image":{"@id":"https:\/\/ykvn-law.com\/vi\/#\/schema\/logo\/image\/"},"sameAs":["https:\/\/www.facebook.com\/ykvnlawyers"]}]}},"_links":{"self":[{"href":"https:\/\/ykvn-law.com\/vi\/wp-json\/wp\/v2\/pages\/4765","targetHints":{"allow":["GET"]}}],"collection":[{"href":"https:\/\/ykvn-law.com\/vi\/wp-json\/wp\/v2\/pages"}],"about":[{"href":"https:\/\/ykvn-law.com\/vi\/wp-json\/wp\/v2\/types\/page"}],"author":[{"embeddable":true,"href":"https:\/\/ykvn-law.com\/vi\/wp-json\/wp\/v2\/users\/2"}],"replies":[{"embeddable":true,"href":"https:\/\/ykvn-law.com\/vi\/wp-json\/wp\/v2\/comments?post=4765"}],"version-history":[{"count":13,"href":"https:\/\/ykvn-law.com\/vi\/wp-json\/wp\/v2\/pages\/4765\/revisions"}],"predecessor-version":[{"id":16352,"href":"https:\/\/ykvn-law.com\/vi\/wp-json\/wp\/v2\/pages\/4765\/revisions\/16352"}],"up":[{"embeddable":true,"href":"https:\/\/ykvn-law.com\/vi\/wp-json\/wp\/v2\/pages\/2049"}],"wp:attachment":[{"href":"https:\/\/ykvn-law.com\/vi\/wp-json\/wp\/v2\/media?parent=4765"}],"curies":[{"name":"wp","href":"https:\/\/api.w.org\/{rel}","templated":true}]}}