{"id":2050,"date":"2019-10-28T15:13:00","date_gmt":"2019-10-28T08:13:00","guid":{"rendered":"http:\/\/ykvn.amagumolabs.io\/about-ykvn\/"},"modified":"2024-12-24T10:46:33","modified_gmt":"2024-12-24T03:46:33","slug":"about-ykvn","status":"publish","type":"page","link":"https:\/\/ykvn-law.com\/vi\/about-ykvn\/","title":{"rendered":"V\u1ec1 YKVN"},"content":{"rendered":"<div class=\"wpb-content-wrapper\">[mk_page_section bg_image=&#8221;https:\/\/s3.ap-southeast-1.amazonaws.com\/ykvn-law.com\/wp-content\/uploads\/2020\/01\/ykvn-home-page-final-banner.jpg&#8221; bg_image_portrait=&#8221;https:\/\/s3.ap-southeast-1.amazonaws.com\/ykvn-law.com\/wp-content\/uploads\/2020\/03\/414&#215;621.png&#8221; bg_position=&#8221;center center&#8221; bg_repeat=&#8221;no-repeat&#8221; bg_stretch=&#8221;true&#8221; min_height=&#8221;450&#8243; padding_top=&#8221;0&#8243; el_class=&#8221;banner_zoom has-responsive-bg&#8221; sidebar=&#8221;sidebar-1&#8243;][vc_column][mk_custom_box padding_horizental=&#8221;50&#8243; margin_bottom=&#8221;0&#8243; el_class=&#8221;hero-box&#8221; bg_color=&#8221;rgba(255,255,255,0.75)&#8221;][mk_fancy_title tag_name=&#8221;span&#8221; color=&#8221;#004989&#8243; size=&#8221;24&#8243; font_weight=&#8221;400&#8243; font_style=&#8221;normal&#8221; txt_transform=&#8221;none&#8221; margin_bottom=&#8221;0&#8243; font_family=&#8221;none&#8221; responsive_align=&#8221;left&#8221; el_class=&#8221;mb-0 hero-block-before&#8221;]\n<p style=\"text-align: center;\"><em>&#8220;<span class=\"TextRun SCXW95104187 BCX0\" lang=\"EN-SG\" xml:lang=\"EN-SG\" data-contrast=\"auto\"><span class=\"NormalTextRun SpellingErrorV2 SCXW95104187 BCX0\">N\u1ed7 l\u1ef1c c\u1ed1ng hi\u1ebfn tuy\u1ec7t \u0111\u1ed1i nh\u1eb1m mang l\u1ea1i d\u1ecbch v\u1ee5 ph\u00e1p l\u00fd chuy\u00ean nghi\u1ec7p nh\u1ea5t<\/span><\/span>&#8220;<\/em><\/p>\n[\/mk_fancy_title][\/mk_custom_box][\/vc_column][\/mk_page_section][mk_page_section][vc_column][mk_padding_divider][vc_row_inner column_padding=&#8221;5&#8243;][vc_column_inner el_class=&#8221;spacing-right&#8221; width=&#8221;1\/3&#8243;][vc_column_text css=&#8221;.vc_custom_1735011957046{margin-bottom: 0px !important;}&#8221;]\n<h1>Th\u00e0nh l\u1eadp<\/h1>\n<p>Th\u00e0nh l\u1eadp v\u00e0o n\u0103m 1999, YKVN \u0111\u00e3 ph\u00e1t tri\u1ec3n th\u00e0nh h\u00e3ng lu\u1eadt \u0111\u1ed9c l\u1eadp v\u1edbi h\u01a1n 90 lu\u1eadt s\u01b0 v\u1edbi c\u01a1 c\u1ea5u ho\u1ea1t \u0111\u1ed9ng \u0111\u1ed9c \u0111\u00e1o l\u00e0m vi\u1ec7c t\u1ea1i 3 v\u0103n ph\u00f2ng t\u1ea1i H\u00e0 N\u1ed9i, Th\u00e0nh Ph\u1ed1 H\u1ed3 Ch\u00ed Minh v\u00e0 Singapore.<\/p>\n<p>Ch\u00fang t\u00f4i cam k\u1ebft mang l\u1ea1i d\u1ecbch v\u1ee5 ph\u00e1p l\u00fd xu\u1ea5t s\u1eafc v\u1edbi n\u1ed7 l\u1ef1c c\u1ed1ng hi\u1ebfn tuy\u1ec7t \u0111\u1ed1i nh\u1eb1m cung c\u1ea5p d\u1ecbch v\u1ee5 ph\u00e1p l\u00fd chuy\u00ean nghi\u1ec7p nh\u1ea5t, c\u0169ng ch\u00ednh l\u00e0 y\u1ebfu t\u1ed1 then ch\u1ed1t t\u1ea1o n\u00ean t\u00ednh ch\u1ea5t ri\u00eang bi\u1ec7t c\u1ee7a YKVN.[\/vc_column_text][vc_column_text css=&#8221;.vc_custom_1735011990238{margin-bottom: 0px !important;}&#8221;]Kh\u00e1m ph\u00e1 ch\u1eb7ng \u0111\u01b0\u1eddng 25 n\u0103m c\u1ee7a ch\u00fang t\u00f4i t\u1ea1i \u0111\u00e2y <a href=\"https:\/\/ykvn-law.com\/vi\/25nam\/\">[&#8230;]<\/a>[\/vc_column_text][\/vc_column_inner][vc_column_inner el_class=&#8221;has-border-left&#8221; width=&#8221;2\/3&#8243;][mk_custom_box padding_vertical=&#8221;20&#8243; margin_bottom=&#8221;0&#8243; bg_color=&#8221;#f0f4f4&#8243;][mk_fancy_title color=&#8221;#223c7e&#8221; size=&#8221;18&#8243; font_weight=&#8221;600&#8243; margin_bottom=&#8221;0&#8243; font_family=&#8221;none&#8221; align=&#8221;center&#8221; el_class=&#8221;red-block-before&#8221;]T\u1ea7m nh\u00ecn YKVN[\/mk_fancy_title][vc_column_text align=&#8221;center&#8221; el_class=&#8221;about-custom-padding&#8221; css=&#8221;.vc_custom_1609920079914{margin-bottom: 0px !important;}&#8221;]Ch\u00fang t\u00f4i mong mu\u1ed1n tr\u1edf th\u00e0nh C\u00f4ng Ty Lu\u1eadt H\u00e0ng \u0110\u1ea7u t\u1ea1i Vi\u1ec7t Nam, v\u1edbi n\u1ed7 l\u1ef1c mang l\u1ea1i tr\u00ecnh \u0111\u1ed9 chuy\u00ean m\u00f4n ph\u00e1p l\u00fd cao nh\u1ea5t, \u0111\u01b0a\u00a0YKVN \u0111\u1ea1t t\u1edbi \u0111\u1eb3ng c\u1ea5p v\u01b0\u1ee3t tr\u1ed9i t\u1ea1i\u00a0Vi\u1ec7t Nam v\u00e0 khu v\u1ef1c \u0110\u00f4ng Nam \u00c1.\u200b\u200b[\/vc_column_text][mk_fancy_title color=&#8221;#223c7e&#8221; size=&#8221;18&#8243; font_weight=&#8221;600&#8243; margin_bottom=&#8221;0&#8243; font_family=&#8221;none&#8221; align=&#8221;center&#8221;]Cam k\u1ebft YKVN[\/mk_fancy_title][vc_column_text align=&#8221;center&#8221; css=&#8221;.vc_custom_1603869305402{margin-bottom: 0px !important;}&#8221;]Kinh nghi\u1ec7m s\u00e2u r\u1ed9ng trong ng\u00e0nh Lu\u1eadt<br \/>\nPh\u00e1t tri\u1ec3n l\u0129nh v\u1ef1c h\u00e0nh ngh\u1ec1 ph\u00e1p l\u00fd t\u1ea1i Vi\u1ec7t Nam<br \/>\nPh\u00e1t tri\u1ec3n c\u1ed9ng \u0111\u1ed3ng ph\u00e1p l\u00fd t\u1ea1i Vi\u1ec7t Nam v\u00e0 trong khu v\u1ef1c[\/vc_column_text][\/mk_custom_box][\/vc_column_inner][\/vc_row_inner][vc_separator color=&#8221;custom&#8221; css=&#8221;.vc_custom_1573462857536{padding-top: 40px !important;}&#8221; accent_color=&#8221;#f0f4f4&#8243;][vc_row_inner css=&#8221;.vc_custom_1573801108613{padding-top: 40px !important;}&#8221;][vc_column_inner][mk_fancy_title color=&#8221;#223c7e&#8221; size=&#8221;22&#8243; font_weight=&#8221;600&#8243; margin_bottom=&#8221;40&#8243; font_family=&#8221;none&#8221; align=&#8221;center&#8221; el_class=&#8221;red-block-before&#8221;]Kh\u00e1c bi\u1ec7t c\u1ee7a YKVN[\/mk_fancy_title][\/vc_column_inner][\/vc_row_inner][vc_row_inner column_padding=&#8221;3&#8243;][vc_column_inner el_class=&#8221;spacing-right&#8221; width=&#8221;1\/3&#8243;][vc_column_text css=&#8221;.vc_custom_1712113377729{margin-bottom: 0px !important;}&#8221;]<strong>YKVN gi\u1eef vai tr\u00f2 ti\u00ean phong trong h\u1ea7u h\u1ebft c\u00e1c ph\u00e1t tri\u1ec3n quan tr\u1ecdng c\u1ee7a ng\u00e0nh ph\u00e1p l\u00fd t\u1ea1i Vi\u1ec7t Nam trong 25 n\u0103m qua.<\/strong><\/p>\n<p><span class=\"TextRun BCX8 SCXP216338644\" lang=\"VI-VN\" xml:lang=\"VI-VN\" data-scheme-color=\"@706F6F,,\" data-usefontface=\"true\" data-contrast=\"none\"><span class=\"NormalTextRun BCX8 SCXP216338644\">Ch\u00fang t\u00f4i t\u01b0 v\u1ea5n cho c\u00e1c ng\u00e2n h\u00e0ng v\u00e0 doanh nghi\u1ec7p\u00a0<\/span><\/span><span class=\"TextRun BCX8 SCXP216338644\" lang=\"VI-VN\" xml:lang=\"VI-VN\" data-scheme-color=\"@706F6F,,\" data-usefontface=\"true\" data-contrast=\"none\"><span class=\"NormalTextRun BCX8 SCXP216338644\">uy t\u00edn v\u00e0 c\u00f3 l\u1ecbch s\u1eed l\u00e2u \u0111\u1eddi nh\u1ea5t tr\u00ean th\u1ebf gi\u1edbi, c\u0169ng nh\u01b0\u00a0<\/span><\/span><span class=\"TextRun BCX8 SCXP216338644\" lang=\"VI-VN\" xml:lang=\"VI-VN\" data-scheme-color=\"@706F6F,,\" data-usefontface=\"true\" data-contrast=\"none\"><span class=\"NormalTextRun BCX8 SCXP216338644\">c\u00e1c c\u00f4ng ty kh\u1edfi nghi\u1ec7p, c\u00e1c c\u01a1 quan ch\u00ednh ph\u1ee7 v\u00e0 nh\u00e0\u00a0<\/span><\/span><span class=\"TextRun BCX8 SCXP216338644\" lang=\"VI-VN\" xml:lang=\"VI-VN\" data-scheme-color=\"@706F6F,,\" data-usefontface=\"true\" data-contrast=\"none\"><span class=\"NormalTextRun BCX8 SCXP216338644\">n\u01b0\u1edbc trong c\u00e1c giao d\u1ecbch qu\u1ed1c t\u1ebf \u0111\u1ed9t ph\u00e1 v\u00e0 thu h\u00fat\u00a0<\/span><\/span><span class=\"TextRun BCX8 SCXP216338644\" lang=\"VI-VN\" xml:lang=\"VI-VN\" data-scheme-color=\"@706F6F,,\" data-usefontface=\"true\" data-contrast=\"none\"><span class=\"NormalTextRun BCX8 SCXP216338644\">nhi\u1ec1u s\u1ef1 quan t\u00e2m ch\u00fa \u00fd t\u1eeb ph\u00eda c\u00f4ng ch\u00fang.<\/span><\/span><\/p>\n<p><em>&#8220;YKVN l\u00e0 c\u00f4ng ty\u00a0lu\u1eadt\u00a0xu\u1ea5t\u00a0s\u1eafc\u00a0t\u1ea1i Vi\u1ec7t Nam v\u1ec1\u00a0ch\u1ea5t\u00a0l\u01b0\u1ee3ng,\u00a0s\u1ef1\u00a0am\u00a0hi\u1ec3u\u00a0s\u00e2u\u00a0r\u1ed9ng\u00a0v\u00e0\u00a0tri\u00a0th\u1ee9c.&#8221;<br \/>\n(Chambers)<\/em>[\/vc_column_text][\/vc_column_inner][vc_column_inner el_class=&#8221;has-border-right has-border-left&#8221; width=&#8221;1\/3&#8243;][vc_column_text css=&#8221;.vc_custom_1712113499397{margin-bottom: 0px !important;}&#8221;]<strong>C\u00e1c lu\u1eadt s\u01b0 th\u00e0nh vi\u00ean c\u1ee7a ch\u00fang t\u00f4i l\u00e0 c\u00e1c lu\u1eadt s\u01b0 h\u00e0ng \u0111\u1ea7u trong l\u0129nh v\u1ef1c chuy\u00ean m\u00f4n \u0111\u1ed3ng th\u1eddi c\u0169ng l\u00e0 nh\u1eefng nh\u00e0 l\u00e3nh \u0111\u1ea1o c\u00e1c hi\u1ec7p h\u1ed9i ngh\u1ec1 nghi\u1ec7p v\u00e0 t\u1ed5 ch\u1ee9c d\u00e2n c\u1eed<\/strong>.<\/p>\n<p>C\u00e1c lu\u1eadt s\u01b0 c\u1ee7a YKVN \u0111\u01b0\u1ee3c \u0111\u00e0o t\u1ea1o v\u00e0 c\u00f4ng nh\u1eadn h\u00e0nh ngh\u1ec1 t\u1ea1i Vi\u1ec7t Nam, Hoa K\u1ef3, Anh v\u00e0 c\u00e1c qu\u1ed1c gia kh\u00e1c. C\u00e1c lu\u1eadt s\u01b0 th\u00e0nh vi\u00ean c\u1ea5p cao c\u1ee7a YKVN t\u1eebng gi\u1eef vai tr\u00f2 lu\u1eadt s\u01b0 th\u00e0nh vi\u00ean t\u1ea1i c\u00e1c h\u00e3ng lu\u1eadt qu\u1ed1c t\u1ebf h\u00e0ng \u0111\u1ea7u.<\/p>\n<p>T\u1ea5t c\u1ea3 lu\u1eadt s\u01b0 th\u00e0nh vi\u00ean c\u1ee7a YKVN \u0111\u1ec1u s\u1edf h\u1eefu kinh nghi\u1ec7m s\u00e2u r\u1ed9ng trong c\u00e1c v\u1ea5n \u0111\u1ec1 xuy\u00ean qu\u1ed1c gia.\u200b\u200b<\/p>\n<p><em>&#8220;Theo quan \u0111i\u1ec3m c\u1ee7a t\u00f4i, h\u1ecd l\u00e0 nh\u1eefng lu\u1eadt s\u01b0 h\u00e0ng \u0111\u1ea7u trong c\u00e1c l\u0129nh v\u1ef1c t\u01b0 v\u1ea5n chuy\u00ean m\u00f4n c\u1ee7a h\u1ecd.&#8221;<br \/>\n(IFLR)\u200b<\/em><br \/>\n\u200b[\/vc_column_text][\/vc_column_inner][vc_column_inner el_class=&#8221;spacing-left&#8221; width=&#8221;1\/3&#8243;][vc_column_text css=&#8221;.vc_custom_1712113637698{margin-bottom: 0px !important;}&#8221;]<strong>Ch\u1ea5t l\u01b0\u1ee3ng d\u1ecbch v\u1ee5 c\u1ee7a ch\u00fang t\u00f4i li\u00ean t\u1ee5c \u0111\u01b0\u1ee3c c\u00f4ng nh\u1eadn th\u00f4ng qua c\u00e1c gi\u1ea3i th\u01b0\u1edfng qu\u1ed1c t\u1ebf v\u00e0 th\u1ee9 h\u1ea1ng h\u00e0ng \u0111\u1ea7u.<\/strong><\/p>\n<p>YKVN \u0111\u00e3 x\u1ebfp h\u1ea1ng 1 trong t\u1ea5t c\u1ea3 c\u00e1c l\u0129nh v\u1ef1c h\u00e0nh ngh\u1ec1 ch\u1ee7 ch\u1ed1t trong su\u1ed1t 25 n\u0103m qua, \u0111\u1ed3ng th\u1eddi YKVN \u0111\u00e3 12 l\u1ea7n \u0111\u01b0\u1ee3c trao t\u1eb7ng danh hi\u1ec7u \u201cC\u00f4ng Ty Lu\u1eadt Qu\u1ed1c Gia C\u1ee7a N\u0103m\u201d, bao g\u1ed3m c\u1ea3 l\u1ea7n \u0111\u1ea7u ti\u00ean danh hi\u1ec7u n\u00e0y \u0111\u01b0\u1ee3c trao t\u1eb7ng cho c\u00f4ng ty lu\u1eadt Vi\u1ec7t Nam. S\u1ef1 c\u00f3 m\u1eb7t c\u1ee7a YKVN v\u1edbi t\u01b0 c\u00e1ch l\u00e0 c\u00f4ng ty lu\u1eadt Vi\u1ec7t Nam \u0111\u1ea7u ti\u00ean c\u00f3 m\u1eb7t trong danh s\u00e1ch GAR 100 v\u00e0 vi\u1ec7c Lu\u1eadt s\u01b0 Th\u00e0nh vi\u00ean \u0110i\u1ec1u h\u00e0nh Tr\u01b0\u01a1ng Nh\u1eadt Quang l\u00e0 lu\u1eadt s\u01b0 Vi\u1ec7t Nam \u0111\u1ea7u ti\u00ean nh\u1eadn gi\u1ea3i th\u01b0\u1edfng Managing Partner of the Year c\u1ee7a Legal 500 l\u00e0 minh ch\u1ee9ng m\u1edbi nh\u1ea5t cho s\u1ef1 c\u00f4ng nh\u1eadn r\u1ed9ng r\u00e3i v\u1ec1 th\u00e0nh t\u1ef1u c\u1ee7a YKVN.<\/p>\n<p>Nh\u1eefng gi\u1ea3i th\u01b0\u1edfng v\u00e0 x\u1ebfp h\u1ea1ng c\u0169ng cho th\u1ea5y th\u1ebf m\u1ea1nh ri\u00eang bi\u1ec7t, v\u1ecb tr\u00ed uy t\u00edn c\u1ee7a ch\u00fang t\u00f4i gi\u1eefa c\u00e1c h\u00e3ng lu\u1eadt n\u1ed9i \u0111\u1ecba v\u00e0 qu\u1ed1c t\u1ebf t\u1ea1i th\u1ecb tr\u01b0\u1eddng ph\u00e1p l\u00fd Vi\u1ec7t Nam. \u200b<\/p>\n<p><em>&#8220;YKVN cung c\u1ea5p d\u1ecbch v\u1ee5 t\u01b0 v\u1ea5n v\u1edbi k\u1ebft qu\u1ea3 v\u01b0\u1ee3t tr\u1ed9i.&#8221;<br \/>\n(Chambers)\u200b<\/em><br \/>\n\u200b[\/vc_column_text][\/vc_column_inner][\/vc_row_inner][\/vc_column][\/mk_page_section]\n<\/div>","protected":false},"excerpt":{"rendered":"<p>[mk_page_section bg_image=&#8221;https:\/\/s3.ap-southeast-1.amazonaws.com\/ykvn-law.com\/wp-content\/uploads\/2020\/01\/ykvn-home-page-final-banner.jpg&#8221; bg_image_portrait=&#8221;https:\/\/s3.ap-southeast-1.amazonaws.com\/ykvn-law.com\/wp-content\/uploads\/2020\/03\/414&#215;621.png&#8221; bg_position=&#8221;center center&#8221; bg_repeat=&#8221;no-repeat&#8221; bg_stretch=&#8221;true&#8221; min_height=&#8221;450&#8243; padding_top=&#8221;0&#8243; el_class=&#8221;banner_zoom has-responsive-bg&#8221; sidebar=&#8221;sidebar-1&#8243;][vc_column][mk_custom_box padding_horizental=&#8221;50&#8243; margin_bottom=&#8221;0&#8243; el_class=&#8221;hero-box&#8221; bg_color=&#8221;rgba(255,255,255,0.75)&#8221;][mk_fancy_title tag_name=&#8221;span&#8221; color=&#8221;#004989&#8243; size=&#8221;24&#8243; font_weight=&#8221;400&#8243; font_style=&#8221;normal&#8221; txt_transform=&#8221;none&#8221; margin_bottom=&#8221;0&#8243; font_family=&#8221;none&#8221; responsive_align=&#8221;left&#8221; el_class=&#8221;mb-0 hero-block-before&#8221;] &#8220;N\u1ed7 l\u1ef1c c\u1ed1ng hi\u1ebfn tuy\u1ec7t \u0111\u1ed1i nh\u1eb1m mang l\u1ea1i d\u1ecbch v\u1ee5 ph\u00e1p l\u00fd chuy\u00ean nghi\u1ec7p nh\u1ea5t&#8220; [\/mk_fancy_title][\/mk_custom_box][\/vc_column][\/mk_page_section][mk_page_section][vc_column][mk_padding_divider][vc_row_inner column_padding=&#8221;5&#8243;][vc_column_inner el_class=&#8221;spacing-right&#8221; width=&#8221;1\/3&#8243;][vc_column_text css=&#8221;.vc_custom_1735011957046{margin-bottom: 0px !important;}&#8221;] Th\u00e0nh l\u1eadp Th\u00e0nh l\u1eadp v\u00e0o [&hellip;]<\/p>\n","protected":false},"author":2,"featured_media":0,"parent":0,"menu_order":0,"comment_status":"closed","ping_status":"closed","template":"","meta":{"_acf_changed":false,"footnotes":""},"class_list":["post-2050","page","type-page","status-publish","hentry"],"acf":[],"yoast_head":"<!-- This site is optimized with the Yoast SEO plugin v25.3.1 - https:\/\/yoast.com\/wordpress\/plugins\/seo\/ -->\n<title>V\u1ec1 YKVN - YKVN<\/title>\n<meta name=\"robots\" content=\"index, follow, max-snippet:-1, max-image-preview:large, max-video-preview:-1\" \/>\n<link rel=\"canonical\" href=\"https:\/\/ykvn-law.com\/vi\/about-ykvn\/\" \/>\n<meta property=\"og:locale\" content=\"vi_VN\" \/>\n<meta property=\"og:type\" content=\"article\" \/>\n<meta property=\"og:title\" content=\"V\u1ec1 YKVN - YKVN\" \/>\n<meta property=\"og:description\" content=\"[mk_page_section bg_image=&#8221;https:\/\/s3.ap-southeast-1.amazonaws.com\/ykvn-law.com\/wp-content\/uploads\/2020\/01\/ykvn-home-page-final-banner.jpg&#8221; bg_image_portrait=&#8221;https:\/\/s3.ap-southeast-1.amazonaws.com\/ykvn-law.com\/wp-content\/uploads\/2020\/03\/414&#215;621.png&#8221; bg_position=&#8221;center center&#8221; bg_repeat=&#8221;no-repeat&#8221; bg_stretch=&#8221;true&#8221; min_height=&#8221;450&#8243; padding_top=&#8221;0&#8243; el_class=&#8221;banner_zoom has-responsive-bg&#8221; sidebar=&#8221;sidebar-1&#8243;][vc_column][mk_custom_box padding_horizental=&#8221;50&#8243; margin_bottom=&#8221;0&#8243; el_class=&#8221;hero-box&#8221; bg_color=&#8221;rgba(255,255,255,0.75)&#8221;][mk_fancy_title tag_name=&#8221;span&#8221; color=&#8221;#004989&#8243; size=&#8221;24&#8243; font_weight=&#8221;400&#8243; font_style=&#8221;normal&#8221; txt_transform=&#8221;none&#8221; margin_bottom=&#8221;0&#8243; font_family=&#8221;none&#8221; responsive_align=&#8221;left&#8221; el_class=&#8221;mb-0 hero-block-before&#8221;] &#8220;N\u1ed7 l\u1ef1c c\u1ed1ng hi\u1ebfn tuy\u1ec7t \u0111\u1ed1i nh\u1eb1m mang l\u1ea1i d\u1ecbch v\u1ee5 ph\u00e1p l\u00fd chuy\u00ean nghi\u1ec7p nh\u1ea5t&#8220; [\/mk_fancy_title][\/mk_custom_box][\/vc_column][\/mk_page_section][mk_page_section][vc_column][mk_padding_divider][vc_row_inner column_padding=&#8221;5&#8243;][vc_column_inner el_class=&#8221;spacing-right&#8221; width=&#8221;1\/3&#8243;][vc_column_text css=&#8221;.vc_custom_1735011957046{margin-bottom: 0px !important;}&#8221;] Th\u00e0nh l\u1eadp Th\u00e0nh l\u1eadp v\u00e0o [&hellip;]\" \/>\n<meta property=\"og:url\" content=\"https:\/\/ykvn-law.com\/vi\/about-ykvn\/\" \/>\n<meta property=\"og:site_name\" content=\"YKVN\" \/>\n<meta property=\"article:publisher\" content=\"https:\/\/www.facebook.com\/ykvnlawyers\" \/>\n<meta property=\"article:modified_time\" content=\"2024-12-24T03:46:33+00:00\" \/>\n<meta name=\"twitter:card\" content=\"summary_large_image\" \/>\n<meta name=\"twitter:label1\" content=\"Est. reading time\" \/>\n\t<meta name=\"twitter:data1\" content=\"4 minutes\" \/>\n<script type=\"application\/ld+json\" class=\"yoast-schema-graph\">{\"@context\":\"https:\/\/schema.org\",\"@graph\":[{\"@type\":\"WebPage\",\"@id\":\"https:\/\/ykvn-law.com\/vi\/about-ykvn\/\",\"url\":\"https:\/\/ykvn-law.com\/vi\/about-ykvn\/\",\"name\":\"V\u1ec1 YKVN - YKVN\",\"isPartOf\":{\"@id\":\"https:\/\/ykvn-law.com\/vi\/#website\"},\"datePublished\":\"2019-10-28T08:13:00+00:00\",\"dateModified\":\"2024-12-24T03:46:33+00:00\",\"breadcrumb\":{\"@id\":\"https:\/\/ykvn-law.com\/vi\/about-ykvn\/#breadcrumb\"},\"inLanguage\":\"vi-VN\",\"potentialAction\":[{\"@type\":\"ReadAction\",\"target\":[\"https:\/\/ykvn-law.com\/vi\/about-ykvn\/\"]}]},{\"@type\":\"BreadcrumbList\",\"@id\":\"https:\/\/ykvn-law.com\/vi\/about-ykvn\/#breadcrumb\",\"itemListElement\":[{\"@type\":\"ListItem\",\"position\":1,\"name\":\"Home\",\"item\":\"https:\/\/ykvn-law.com\/vi\/\"},{\"@type\":\"ListItem\",\"position\":2,\"name\":\"V\u1ec1 YKVN\"}]},{\"@type\":\"WebSite\",\"@id\":\"https:\/\/ykvn-law.com\/vi\/#website\",\"url\":\"https:\/\/ykvn-law.com\/vi\/\",\"name\":\"YKVN\",\"description\":\"\",\"publisher\":{\"@id\":\"https:\/\/ykvn-law.com\/vi\/#organization\"},\"potentialAction\":[{\"@type\":\"SearchAction\",\"target\":{\"@type\":\"EntryPoint\",\"urlTemplate\":\"https:\/\/ykvn-law.com\/vi\/?s={search_term_string}\"},\"query-input\":{\"@type\":\"PropertyValueSpecification\",\"valueRequired\":true,\"valueName\":\"search_term_string\"}}],\"inLanguage\":\"vi-VN\"},{\"@type\":\"Organization\",\"@id\":\"https:\/\/ykvn-law.com\/vi\/#organization\",\"name\":\"YKVN\",\"url\":\"https:\/\/ykvn-law.com\/vi\/\",\"logo\":{\"@type\":\"ImageObject\",\"inLanguage\":\"vi-VN\",\"@id\":\"https:\/\/ykvn-law.com\/vi\/#\/schema\/logo\/image\/\",\"url\":\"https:\/\/s3.ap-southeast-1.amazonaws.com\/ykvn-law.com\/wp-content\/uploads\/2019\/11\/ykvn-logo-for-design-gutters.png\",\"contentUrl\":\"https:\/\/s3.ap-southeast-1.amazonaws.com\/ykvn-law.com\/wp-content\/uploads\/2019\/11\/ykvn-logo-for-design-gutters.png\",\"width\":2571,\"height\":1649,\"caption\":\"YKVN\"},\"image\":{\"@id\":\"https:\/\/ykvn-law.com\/vi\/#\/schema\/logo\/image\/\"},\"sameAs\":[\"https:\/\/www.facebook.com\/ykvnlawyers\"]}]}<\/script>\n<!-- \/ Yoast SEO plugin. -->","yoast_head_json":{"title":"V\u1ec1 YKVN - YKVN","robots":{"index":"index","follow":"follow","max-snippet":"max-snippet:-1","max-image-preview":"max-image-preview:large","max-video-preview":"max-video-preview:-1"},"canonical":"https:\/\/ykvn-law.com\/vi\/about-ykvn\/","og_locale":"vi_VN","og_type":"article","og_title":"V\u1ec1 YKVN - YKVN","og_description":"[mk_page_section bg_image=&#8221;https:\/\/s3.ap-southeast-1.amazonaws.com\/ykvn-law.com\/wp-content\/uploads\/2020\/01\/ykvn-home-page-final-banner.jpg&#8221; bg_image_portrait=&#8221;https:\/\/s3.ap-southeast-1.amazonaws.com\/ykvn-law.com\/wp-content\/uploads\/2020\/03\/414&#215;621.png&#8221; bg_position=&#8221;center center&#8221; bg_repeat=&#8221;no-repeat&#8221; bg_stretch=&#8221;true&#8221; min_height=&#8221;450&#8243; padding_top=&#8221;0&#8243; el_class=&#8221;banner_zoom has-responsive-bg&#8221; sidebar=&#8221;sidebar-1&#8243;][vc_column][mk_custom_box padding_horizental=&#8221;50&#8243; margin_bottom=&#8221;0&#8243; el_class=&#8221;hero-box&#8221; bg_color=&#8221;rgba(255,255,255,0.75)&#8221;][mk_fancy_title tag_name=&#8221;span&#8221; color=&#8221;#004989&#8243; size=&#8221;24&#8243; font_weight=&#8221;400&#8243; font_style=&#8221;normal&#8221; txt_transform=&#8221;none&#8221; margin_bottom=&#8221;0&#8243; font_family=&#8221;none&#8221; responsive_align=&#8221;left&#8221; el_class=&#8221;mb-0 hero-block-before&#8221;] &#8220;N\u1ed7 l\u1ef1c c\u1ed1ng hi\u1ebfn tuy\u1ec7t \u0111\u1ed1i nh\u1eb1m mang l\u1ea1i d\u1ecbch v\u1ee5 ph\u00e1p l\u00fd chuy\u00ean nghi\u1ec7p nh\u1ea5t&#8220; [\/mk_fancy_title][\/mk_custom_box][\/vc_column][\/mk_page_section][mk_page_section][vc_column][mk_padding_divider][vc_row_inner column_padding=&#8221;5&#8243;][vc_column_inner el_class=&#8221;spacing-right&#8221; width=&#8221;1\/3&#8243;][vc_column_text css=&#8221;.vc_custom_1735011957046{margin-bottom: 0px !important;}&#8221;] Th\u00e0nh l\u1eadp Th\u00e0nh l\u1eadp v\u00e0o [&hellip;]","og_url":"https:\/\/ykvn-law.com\/vi\/about-ykvn\/","og_site_name":"YKVN","article_publisher":"https:\/\/www.facebook.com\/ykvnlawyers","article_modified_time":"2024-12-24T03:46:33+00:00","twitter_card":"summary_large_image","twitter_misc":{"Est. reading time":"4 minutes"},"schema":{"@context":"https:\/\/schema.org","@graph":[{"@type":"WebPage","@id":"https:\/\/ykvn-law.com\/vi\/about-ykvn\/","url":"https:\/\/ykvn-law.com\/vi\/about-ykvn\/","name":"V\u1ec1 YKVN - YKVN","isPartOf":{"@id":"https:\/\/ykvn-law.com\/vi\/#website"},"datePublished":"2019-10-28T08:13:00+00:00","dateModified":"2024-12-24T03:46:33+00:00","breadcrumb":{"@id":"https:\/\/ykvn-law.com\/vi\/about-ykvn\/#breadcrumb"},"inLanguage":"vi-VN","potentialAction":[{"@type":"ReadAction","target":["https:\/\/ykvn-law.com\/vi\/about-ykvn\/"]}]},{"@type":"BreadcrumbList","@id":"https:\/\/ykvn-law.com\/vi\/about-ykvn\/#breadcrumb","itemListElement":[{"@type":"ListItem","position":1,"name":"Home","item":"https:\/\/ykvn-law.com\/vi\/"},{"@type":"ListItem","position":2,"name":"V\u1ec1 YKVN"}]},{"@type":"WebSite","@id":"https:\/\/ykvn-law.com\/vi\/#website","url":"https:\/\/ykvn-law.com\/vi\/","name":"YKVN","description":"","publisher":{"@id":"https:\/\/ykvn-law.com\/vi\/#organization"},"potentialAction":[{"@type":"SearchAction","target":{"@type":"EntryPoint","urlTemplate":"https:\/\/ykvn-law.com\/vi\/?s={search_term_string}"},"query-input":{"@type":"PropertyValueSpecification","valueRequired":true,"valueName":"search_term_string"}}],"inLanguage":"vi-VN"},{"@type":"Organization","@id":"https:\/\/ykvn-law.com\/vi\/#organization","name":"YKVN","url":"https:\/\/ykvn-law.com\/vi\/","logo":{"@type":"ImageObject","inLanguage":"vi-VN","@id":"https:\/\/ykvn-law.com\/vi\/#\/schema\/logo\/image\/","url":"https:\/\/s3.ap-southeast-1.amazonaws.com\/ykvn-law.com\/wp-content\/uploads\/2019\/11\/ykvn-logo-for-design-gutters.png","contentUrl":"https:\/\/s3.ap-southeast-1.amazonaws.com\/ykvn-law.com\/wp-content\/uploads\/2019\/11\/ykvn-logo-for-design-gutters.png","width":2571,"height":1649,"caption":"YKVN"},"image":{"@id":"https:\/\/ykvn-law.com\/vi\/#\/schema\/logo\/image\/"},"sameAs":["https:\/\/www.facebook.com\/ykvnlawyers"]}]}},"_links":{"self":[{"href":"https:\/\/ykvn-law.com\/vi\/wp-json\/wp\/v2\/pages\/2050","targetHints":{"allow":["GET"]}}],"collection":[{"href":"https:\/\/ykvn-law.com\/vi\/wp-json\/wp\/v2\/pages"}],"about":[{"href":"https:\/\/ykvn-law.com\/vi\/wp-json\/wp\/v2\/types\/page"}],"author":[{"embeddable":true,"href":"https:\/\/ykvn-law.com\/vi\/wp-json\/wp\/v2\/users\/2"}],"replies":[{"embeddable":true,"href":"https:\/\/ykvn-law.com\/vi\/wp-json\/wp\/v2\/comments?post=2050"}],"version-history":[{"count":9,"href":"https:\/\/ykvn-law.com\/vi\/wp-json\/wp\/v2\/pages\/2050\/revisions"}],"predecessor-version":[{"id":15089,"href":"https:\/\/ykvn-law.com\/vi\/wp-json\/wp\/v2\/pages\/2050\/revisions\/15089"}],"wp:attachment":[{"href":"https:\/\/ykvn-law.com\/vi\/wp-json\/wp\/v2\/media?parent=2050"}],"curies":[{"name":"wp","href":"https:\/\/api.w.org\/{rel}","templated":true}]}}