{"id":2049,"date":"2019-10-28T15:13:38","date_gmt":"2019-10-28T08:13:38","guid":{"rendered":"http:\/\/ykvn.amagumolabs.io\/offices\/"},"modified":"2023-12-15T13:52:03","modified_gmt":"2023-12-15T06:52:03","slug":"offices","status":"publish","type":"page","link":"https:\/\/ykvn-law.com\/vi\/offices\/","title":{"rendered":"V\u0103n Ph\u00f2ng"},"content":{"rendered":"<div class=\"wpb-content-wrapper\">[mk_page_section bg_image=&#8221;https:\/\/s3.ap-southeast-1.amazonaws.com\/ykvn-law.com\/wp-content\/uploads\/2020\/01\/ykvn-office-banner-1.jpg&#8221; bg_image_portrait=&#8221;https:\/\/indochinalegal.com\/wp-content\/uploads\/414&#215;763.png&#8221; bg_position=&#8221;center bottom&#8221; bg_repeat=&#8221;no-repeat&#8221; bg_stretch=&#8221;true&#8221; min_height=&#8221;450&#8243; padding_top=&#8221;0&#8243; el_class=&#8221;banner_zoom has-responsive-bg&#8221; sidebar=&#8221;sidebar-1&#8243;][vc_column][mk_custom_box padding_horizental=&#8221;50&#8243; margin_bottom=&#8221;0&#8243; el_class=&#8221;hero-box&#8221; bg_color=&#8221;rgba(255,255,255,0.75)&#8221;][mk_fancy_title tag_name=&#8221;span&#8221; color=&#8221;#1d4789&#8243; size=&#8221;24&#8243; font_weight=&#8221;400&#8243; font_style=&#8221;normal&#8221; txt_transform=&#8221;none&#8221; margin_bottom=&#8221;0&#8243; font_family=&#8221;none&#8221; responsive_align=&#8221;left&#8221; el_class=&#8221;mb-0 hero-block-before&#8221;]\n<p style=\"text-align: center;\"><em>&#8220;N\u1ec1n t\u1ea3ng ho\u1ea1t \u0111\u1ed9ng \u0111\u1ed9c \u0111\u00e1o k\u1ebft h\u1ee3p Vi\u1ec7t Nam v\u00e0 Singapore&#8221;<\/em><\/p>\n[\/mk_fancy_title][\/mk_custom_box][\/vc_column][\/mk_page_section][mk_page_section][vc_column][mk_padding_divider][vc_row_inner][vc_column_inner][vc_column_text css=&#8221;.vc_custom_1603870294624{margin-bottom: 0px !important;}&#8221;]\n<h1>V\u0103n Ph\u00f2ng<\/h1>\n<p>C\u00e1c lu\u1eadt s\u01b0 c\u1ee7a YKVN c\u00f9ng nhau l\u00e0 n\u00f2ng c\u1ed1t trong c\u01a1 ch\u1ebf ho\u1ea1t \u0111\u1ed9ng c\u1ee7a c\u00f4ng ty, k\u1ebft n\u1ed1i kinh nghi\u1ec7m t\u01b0 v\u1ea5n t\u1ea1i Vi\u1ec7t Nam v\u00e0 qu\u1ed1c t\u1ebf v\u1edbi th\u1ebf m\u1ea1nh tr\u1ecdng t\u00e2m l\u00e0 Vi\u1ec7t Nam (c\u00e1c giao d\u1ecbch \u0111\u1ea7u t\u01b0 v\u00e0o Vi\u1ec7t Nam v\u00e0 c\u00e1c ho\u1ea1t \u0111\u1ed9ng \u0111\u1ea7u t\u01b0 t\u1eeb Vi\u1ec7t Nam ra n\u01b0\u1edbc ngo\u00e0i) c\u00f9ng v\u1edbi kh\u1ea3 n\u0103ng th\u1ef1c hi\u1ec7n d\u1ecbch v\u1ee5 v\u00e0 ngu\u1ed3n l\u1ef1c t\u01b0\u01a1ng \u0111\u01b0\u01a1ng v\u1edbi c\u00e1c h\u00e3ng lu\u1eadt qu\u1ed1c t\u1ebf v\u00e0 c\u00e1c h\u00e3ng lu\u1eadt l\u1edbn trong khu v\u1ef1c.[\/vc_column_text][\/vc_column_inner][\/vc_row_inner][mk_padding_divider][vc_row_inner][vc_column_inner][vc_column_text el_class=&#8221;red-block-before&#8221; css=&#8221;.vc_custom_1603870308163{margin-bottom: 0px !important;}&#8221;]\n<h2 style=\"margin-left: 2rem;\">C\u01a1 c\u1ea5u ho\u1ea1t \u0111\u1ed9ng YKVN<\/h2>\n[\/vc_column_text][\/vc_column_inner][\/vc_row_inner][vc_row_inner][vc_column_inner width=&#8221;1\/3&#8243;][vc_single_image image=&#8221;12309&#8243; img_size=&#8221;full&#8221; onclick=&#8221;custom_link&#8221; el_class=&#8221;mb-0&#8243; link=&#8221;\/vi\/offices\/ha-noi\/&#8221;][mk_padding_divider size=&#8221;20&#8243;][vc_column_text align=&#8221;center&#8221; el_class=&#8221;mb-0&#8243; css=&#8221;.vc_custom_1603870339456{margin-bottom: 0px !important;}&#8221;]\n<h3><a href=\"https:\/\/ykvn-law.com\/vi\/offices\/ha-noi\/\">H\u00e0 N\u1ed9i<\/a><\/h3>\n[\/vc_column_text][\/vc_column_inner][vc_column_inner width=&#8221;1\/3&#8243;][vc_single_image image=&#8221;12311&#8243; img_size=&#8221;full&#8221; onclick=&#8221;custom_link&#8221; el_class=&#8221;mb-0&#8243; link=&#8221;\/vi\/offices\/ho-chi-minh-city\/&#8221;][mk_padding_divider size=&#8221;20&#8243;][vc_column_text align=&#8221;center&#8221; el_class=&#8221;mb-0&#8243; css=&#8221;.vc_custom_1603870353747{margin-bottom: 0px !important;}&#8221;]\n<h3><a href=\"https:\/\/ykvn-law.com\/vi\/offices\/ho-chi-minh-city\/\">H\u1ed3 Ch\u00ed Minh<\/a><\/h3>\n[\/vc_column_text][\/vc_column_inner][vc_column_inner width=&#8221;1\/3&#8243;][vc_single_image image=&#8221;12313&#8243; img_size=&#8221;full&#8221; onclick=&#8221;custom_link&#8221; el_class=&#8221;mb-0&#8243; link=&#8221;\/vi\/offices\/singapore\/&#8221;][mk_padding_divider size=&#8221;20&#8243;][vc_column_text align=&#8221;center&#8221; el_class=&#8221;mb-0&#8243; css=&#8221;.vc_custom_1603870361076{margin-bottom: 0px !important;}&#8221;]\n<h3><a href=\"https:\/\/ykvn-law.com\/vi\/offices\/singapore\/\">Singapore<\/a><\/h3>\n[\/vc_column_text][\/vc_column_inner][\/vc_row_inner][mk_padding_divider][vc_column_text css=&#8221;.vc_custom_1603870474081{margin-bottom: 0px !important;}&#8221;]Ngo\u00e0i 3 v\u0103n ph\u00f2ng hi\u1ec7n t\u1ea1i, ch\u00fang t\u00f4i \u0111\u00e3 x\u00e2y d\u1ef1ng m\u1ed9t m\u1ea1ng l\u01b0\u1edbi v\u1eefng ch\u1eafc tr\u00ean to\u00e0n c\u1ea7u bao g\u1ed3m c\u00e1c h\u00e3ng lu\u1eadt chia s\u1ebb c\u00e1c gi\u00e1 tr\u1ecb t\u01b0\u01a1ng \u0111\u1ed3ng v\u00e0 cam k\u1ebft ch\u1ea5t l\u01b0\u1ee3ng d\u1ecbch v\u1ee5 ph\u00e1p l\u00fd xu\u1ea5t s\u1eafc, t\u1eeb \u0111\u00f3 cho ph\u00e9p ch\u00fang t\u00f4i ph\u1ee5c v\u1ee5 kh\u00e1ch h\u00e0ng tr\u00ean ph\u1ea1m vi to\u00e0n c\u1ea7u.<\/p>\n<p>\u0110\u00e1ng ch\u00fa \u00fd, YKVN l\u00e0 m\u1ed9t trong nh\u1eefng h\u00e3ng lu\u1eadt c\u00f3 quan h\u1ec7 h\u1ee3p t\u00e1c s\u00e2u r\u1ed9ng v\u1edbi Slaughter and May v\u00e0 l\u00e0 m\u1ed9t th\u00e0nh vi\u00ean c\u1ee7a m\u1ea1ng l\u01b0\u1edbi <a href=\"https:\/\/www.worldservicesgroup.com\/member\/law-firm\/ykvn-llc\/10420?searchin=firm&amp;firm=10420\" target=\"_blank\" rel=\"noopener noreferrer\">World Services Group<\/a>.[\/vc_column_text][mk_padding_divider][vc_row_inner][vc_column_inner el_class=&#8221;has-border-left_alt&#8221;][vc_single_image image=&#8221;2833&#8243; img_size=&#8221;full&#8221; onclick=&#8221;custom_link&#8221; img_link_target=&#8221;_blank&#8221; el_class=&#8221;mb-0&#8243; link=&#8221;https:\/\/www.worldservicesgroup.com\/&#8221;][vc_column_text el_class=&#8221;mb-0&#8243; css=&#8221;.vc_custom_1603870508960{margin-bottom: 0px !important;}&#8221;]<span style=\"font-size: 80%;\"><em>World Services Group (WSG), \u0111\u01b0\u1ee3c th\u00e0nh l\u1eadp n\u0103m 2002, l\u00e0 ngu\u1ed3n l\u1ef1c \u0111\u01b0\u1ee3c c\u00f4ng nh\u1eadn tr\u00ean to\u00e0n c\u1ea7u d\u00e0nh cho c\u00e1c chuy\u00ean gia v\u00e0 kh\u00e1ch h\u00e0ng, nh\u1eb1m b\u1ea3o \u0111\u1ea3m c\u00e1c d\u1ecbch v\u1ee5 ph\u00e1p l\u00fd, ng\u00e2n h\u00e0ng \u0111\u1ea7u t\u01b0 v\u00e0 k\u1ebf to\u00e1n lu\u00f4n duy tr\u00ec ch\u1ea5t l\u01b0\u1ee3ng, gi\u00e1 tr\u1ecb v\u00e0 d\u1ecbch v\u1ee5 t\u1ed1t nh\u1ea5t. M\u1ea1ng l\u01b0\u1edbi \u0111\u01b0\u1ee3c x\u00e2y d\u1ef1ng d\u1ef1a tr\u00ean tr\u00ecnh \u0111\u1ed9 chuy\u00ean m\u00f4n v\u00e0 kinh nghi\u1ec7m c\u1ee7a h\u01a1n 20.000 chuy\u00ean gia l\u00e0m vi\u1ec7c cho h\u01a1n 120 c\u00f4ng ty th\u00e0nh vi\u00ean t\u1ea1o h\u01a1n 130 khu v\u1ef1c ph\u00e1p l\u00fd to\u00e0n c\u1ea7u.<\/em><\/span>[\/vc_column_text][\/vc_column_inner][\/vc_row_inner][mk_padding_divider][\/vc_column][\/mk_page_section]\n<\/div>","protected":false},"excerpt":{"rendered":"<p>[mk_page_section bg_image=&#8221;https:\/\/s3.ap-southeast-1.amazonaws.com\/ykvn-law.com\/wp-content\/uploads\/2020\/01\/ykvn-office-banner-1.jpg&#8221; bg_image_portrait=&#8221;https:\/\/indochinalegal.com\/wp-content\/uploads\/414&#215;763.png&#8221; bg_position=&#8221;center bottom&#8221; bg_repeat=&#8221;no-repeat&#8221; bg_stretch=&#8221;true&#8221; min_height=&#8221;450&#8243; padding_top=&#8221;0&#8243; el_class=&#8221;banner_zoom has-responsive-bg&#8221; sidebar=&#8221;sidebar-1&#8243;][vc_column][mk_custom_box padding_horizental=&#8221;50&#8243; margin_bottom=&#8221;0&#8243; el_class=&#8221;hero-box&#8221; bg_color=&#8221;rgba(255,255,255,0.75)&#8221;][mk_fancy_title tag_name=&#8221;span&#8221; color=&#8221;#1d4789&#8243; size=&#8221;24&#8243; font_weight=&#8221;400&#8243; font_style=&#8221;normal&#8221; txt_transform=&#8221;none&#8221; margin_bottom=&#8221;0&#8243; font_family=&#8221;none&#8221; responsive_align=&#8221;left&#8221; el_class=&#8221;mb-0 hero-block-before&#8221;] &#8220;N\u1ec1n t\u1ea3ng ho\u1ea1t \u0111\u1ed9ng \u0111\u1ed9c \u0111\u00e1o k\u1ebft h\u1ee3p Vi\u1ec7t Nam v\u00e0 Singapore&#8221; [\/mk_fancy_title][\/mk_custom_box][\/vc_column][\/mk_page_section][mk_page_section][vc_column][mk_padding_divider][vc_row_inner][vc_column_inner][vc_column_text css=&#8221;.vc_custom_1603870294624{margin-bottom: 0px !important;}&#8221;] V\u0103n Ph\u00f2ng C\u00e1c lu\u1eadt s\u01b0 c\u1ee7a YKVN c\u00f9ng nhau l\u00e0 n\u00f2ng c\u1ed1t [&hellip;]<\/p>\n","protected":false},"author":2,"featured_media":0,"parent":0,"menu_order":0,"comment_status":"closed","ping_status":"closed","template":"","meta":{"_acf_changed":false,"footnotes":""},"class_list":["post-2049","page","type-page","status-publish","hentry"],"acf":[],"yoast_head":"<!-- This site is optimized with the Yoast SEO plugin v25.3.1 - https:\/\/yoast.com\/wordpress\/plugins\/seo\/ -->\n<title>V\u0103n Ph\u00f2ng - YKVN<\/title>\n<meta name=\"robots\" content=\"index, follow, max-snippet:-1, max-image-preview:large, max-video-preview:-1\" \/>\n<link rel=\"canonical\" href=\"https:\/\/52-074-48-161.plesk.page\/vi\/offices\/\" \/>\n<meta property=\"og:locale\" content=\"vi_VN\" \/>\n<meta property=\"og:type\" content=\"article\" \/>\n<meta property=\"og:title\" content=\"V\u0103n Ph\u00f2ng - YKVN\" \/>\n<meta property=\"og:description\" content=\"[mk_page_section bg_image=&#8221;https:\/\/s3.ap-southeast-1.amazonaws.com\/ykvn-law.com\/wp-content\/uploads\/2020\/01\/ykvn-office-banner-1.jpg&#8221; bg_image_portrait=&#8221;https:\/\/indochinalegal.com\/wp-content\/uploads\/414&#215;763.png&#8221; bg_position=&#8221;center bottom&#8221; bg_repeat=&#8221;no-repeat&#8221; bg_stretch=&#8221;true&#8221; min_height=&#8221;450&#8243; padding_top=&#8221;0&#8243; el_class=&#8221;banner_zoom has-responsive-bg&#8221; sidebar=&#8221;sidebar-1&#8243;][vc_column][mk_custom_box padding_horizental=&#8221;50&#8243; margin_bottom=&#8221;0&#8243; el_class=&#8221;hero-box&#8221; bg_color=&#8221;rgba(255,255,255,0.75)&#8221;][mk_fancy_title tag_name=&#8221;span&#8221; color=&#8221;#1d4789&#8243; size=&#8221;24&#8243; font_weight=&#8221;400&#8243; font_style=&#8221;normal&#8221; txt_transform=&#8221;none&#8221; margin_bottom=&#8221;0&#8243; font_family=&#8221;none&#8221; responsive_align=&#8221;left&#8221; el_class=&#8221;mb-0 hero-block-before&#8221;] &#8220;N\u1ec1n t\u1ea3ng ho\u1ea1t \u0111\u1ed9ng \u0111\u1ed9c \u0111\u00e1o k\u1ebft h\u1ee3p Vi\u1ec7t Nam v\u00e0 Singapore&#8221; [\/mk_fancy_title][\/mk_custom_box][\/vc_column][\/mk_page_section][mk_page_section][vc_column][mk_padding_divider][vc_row_inner][vc_column_inner][vc_column_text css=&#8221;.vc_custom_1603870294624{margin-bottom: 0px !important;}&#8221;] V\u0103n Ph\u00f2ng C\u00e1c lu\u1eadt s\u01b0 c\u1ee7a YKVN c\u00f9ng nhau l\u00e0 n\u00f2ng c\u1ed1t [&hellip;]\" \/>\n<meta property=\"og:url\" content=\"https:\/\/52-074-48-161.plesk.page\/vi\/offices\/\" \/>\n<meta property=\"og:site_name\" content=\"YKVN\" \/>\n<meta property=\"article:publisher\" content=\"https:\/\/www.facebook.com\/ykvnlawyers\" \/>\n<meta property=\"article:modified_time\" content=\"2023-12-15T06:52:03+00:00\" \/>\n<meta name=\"twitter:card\" content=\"summary_large_image\" \/>\n<meta name=\"twitter:label1\" content=\"Est. reading time\" \/>\n\t<meta name=\"twitter:data1\" content=\"2 minutes\" \/>\n<script type=\"application\/ld+json\" class=\"yoast-schema-graph\">{\"@context\":\"https:\/\/schema.org\",\"@graph\":[{\"@type\":\"WebPage\",\"@id\":\"https:\/\/52-074-48-161.plesk.page\/vi\/offices\/\",\"url\":\"https:\/\/52-074-48-161.plesk.page\/vi\/offices\/\",\"name\":\"V\u0103n Ph\u00f2ng - YKVN\",\"isPartOf\":{\"@id\":\"https:\/\/ykvn-law.com\/vi\/#website\"},\"datePublished\":\"2019-10-28T08:13:38+00:00\",\"dateModified\":\"2023-12-15T06:52:03+00:00\",\"breadcrumb\":{\"@id\":\"https:\/\/52-074-48-161.plesk.page\/vi\/offices\/#breadcrumb\"},\"inLanguage\":\"vi-VN\",\"potentialAction\":[{\"@type\":\"ReadAction\",\"target\":[\"https:\/\/52-074-48-161.plesk.page\/vi\/offices\/\"]}]},{\"@type\":\"BreadcrumbList\",\"@id\":\"https:\/\/52-074-48-161.plesk.page\/vi\/offices\/#breadcrumb\",\"itemListElement\":[{\"@type\":\"ListItem\",\"position\":1,\"name\":\"Home\",\"item\":\"https:\/\/ykvn-law.com\/vi\/\"},{\"@type\":\"ListItem\",\"position\":2,\"name\":\"V\u0103n Ph\u00f2ng\"}]},{\"@type\":\"WebSite\",\"@id\":\"https:\/\/ykvn-law.com\/vi\/#website\",\"url\":\"https:\/\/ykvn-law.com\/vi\/\",\"name\":\"YKVN\",\"description\":\"\",\"publisher\":{\"@id\":\"https:\/\/ykvn-law.com\/vi\/#organization\"},\"potentialAction\":[{\"@type\":\"SearchAction\",\"target\":{\"@type\":\"EntryPoint\",\"urlTemplate\":\"https:\/\/ykvn-law.com\/vi\/?s={search_term_string}\"},\"query-input\":{\"@type\":\"PropertyValueSpecification\",\"valueRequired\":true,\"valueName\":\"search_term_string\"}}],\"inLanguage\":\"vi-VN\"},{\"@type\":\"Organization\",\"@id\":\"https:\/\/ykvn-law.com\/vi\/#organization\",\"name\":\"YKVN\",\"url\":\"https:\/\/ykvn-law.com\/vi\/\",\"logo\":{\"@type\":\"ImageObject\",\"inLanguage\":\"vi-VN\",\"@id\":\"https:\/\/ykvn-law.com\/vi\/#\/schema\/logo\/image\/\",\"url\":\"https:\/\/s3.ap-southeast-1.amazonaws.com\/ykvn-law.com\/wp-content\/uploads\/2019\/11\/ykvn-logo-for-design-gutters.png\",\"contentUrl\":\"https:\/\/s3.ap-southeast-1.amazonaws.com\/ykvn-law.com\/wp-content\/uploads\/2019\/11\/ykvn-logo-for-design-gutters.png\",\"width\":2571,\"height\":1649,\"caption\":\"YKVN\"},\"image\":{\"@id\":\"https:\/\/ykvn-law.com\/vi\/#\/schema\/logo\/image\/\"},\"sameAs\":[\"https:\/\/www.facebook.com\/ykvnlawyers\"]}]}<\/script>\n<!-- \/ Yoast SEO plugin. -->","yoast_head_json":{"title":"V\u0103n Ph\u00f2ng - YKVN","robots":{"index":"index","follow":"follow","max-snippet":"max-snippet:-1","max-image-preview":"max-image-preview:large","max-video-preview":"max-video-preview:-1"},"canonical":"https:\/\/52-074-48-161.plesk.page\/vi\/offices\/","og_locale":"vi_VN","og_type":"article","og_title":"V\u0103n Ph\u00f2ng - YKVN","og_description":"[mk_page_section bg_image=&#8221;https:\/\/s3.ap-southeast-1.amazonaws.com\/ykvn-law.com\/wp-content\/uploads\/2020\/01\/ykvn-office-banner-1.jpg&#8221; bg_image_portrait=&#8221;https:\/\/indochinalegal.com\/wp-content\/uploads\/414&#215;763.png&#8221; bg_position=&#8221;center bottom&#8221; bg_repeat=&#8221;no-repeat&#8221; bg_stretch=&#8221;true&#8221; min_height=&#8221;450&#8243; padding_top=&#8221;0&#8243; el_class=&#8221;banner_zoom has-responsive-bg&#8221; sidebar=&#8221;sidebar-1&#8243;][vc_column][mk_custom_box padding_horizental=&#8221;50&#8243; margin_bottom=&#8221;0&#8243; el_class=&#8221;hero-box&#8221; bg_color=&#8221;rgba(255,255,255,0.75)&#8221;][mk_fancy_title tag_name=&#8221;span&#8221; color=&#8221;#1d4789&#8243; size=&#8221;24&#8243; font_weight=&#8221;400&#8243; font_style=&#8221;normal&#8221; txt_transform=&#8221;none&#8221; margin_bottom=&#8221;0&#8243; font_family=&#8221;none&#8221; responsive_align=&#8221;left&#8221; el_class=&#8221;mb-0 hero-block-before&#8221;] &#8220;N\u1ec1n t\u1ea3ng ho\u1ea1t \u0111\u1ed9ng \u0111\u1ed9c \u0111\u00e1o k\u1ebft h\u1ee3p Vi\u1ec7t Nam v\u00e0 Singapore&#8221; [\/mk_fancy_title][\/mk_custom_box][\/vc_column][\/mk_page_section][mk_page_section][vc_column][mk_padding_divider][vc_row_inner][vc_column_inner][vc_column_text css=&#8221;.vc_custom_1603870294624{margin-bottom: 0px !important;}&#8221;] V\u0103n Ph\u00f2ng C\u00e1c lu\u1eadt s\u01b0 c\u1ee7a YKVN c\u00f9ng nhau l\u00e0 n\u00f2ng c\u1ed1t [&hellip;]","og_url":"https:\/\/52-074-48-161.plesk.page\/vi\/offices\/","og_site_name":"YKVN","article_publisher":"https:\/\/www.facebook.com\/ykvnlawyers","article_modified_time":"2023-12-15T06:52:03+00:00","twitter_card":"summary_large_image","twitter_misc":{"Est. reading time":"2 minutes"},"schema":{"@context":"https:\/\/schema.org","@graph":[{"@type":"WebPage","@id":"https:\/\/52-074-48-161.plesk.page\/vi\/offices\/","url":"https:\/\/52-074-48-161.plesk.page\/vi\/offices\/","name":"V\u0103n Ph\u00f2ng - YKVN","isPartOf":{"@id":"https:\/\/ykvn-law.com\/vi\/#website"},"datePublished":"2019-10-28T08:13:38+00:00","dateModified":"2023-12-15T06:52:03+00:00","breadcrumb":{"@id":"https:\/\/52-074-48-161.plesk.page\/vi\/offices\/#breadcrumb"},"inLanguage":"vi-VN","potentialAction":[{"@type":"ReadAction","target":["https:\/\/52-074-48-161.plesk.page\/vi\/offices\/"]}]},{"@type":"BreadcrumbList","@id":"https:\/\/52-074-48-161.plesk.page\/vi\/offices\/#breadcrumb","itemListElement":[{"@type":"ListItem","position":1,"name":"Home","item":"https:\/\/ykvn-law.com\/vi\/"},{"@type":"ListItem","position":2,"name":"V\u0103n Ph\u00f2ng"}]},{"@type":"WebSite","@id":"https:\/\/ykvn-law.com\/vi\/#website","url":"https:\/\/ykvn-law.com\/vi\/","name":"YKVN","description":"","publisher":{"@id":"https:\/\/ykvn-law.com\/vi\/#organization"},"potentialAction":[{"@type":"SearchAction","target":{"@type":"EntryPoint","urlTemplate":"https:\/\/ykvn-law.com\/vi\/?s={search_term_string}"},"query-input":{"@type":"PropertyValueSpecification","valueRequired":true,"valueName":"search_term_string"}}],"inLanguage":"vi-VN"},{"@type":"Organization","@id":"https:\/\/ykvn-law.com\/vi\/#organization","name":"YKVN","url":"https:\/\/ykvn-law.com\/vi\/","logo":{"@type":"ImageObject","inLanguage":"vi-VN","@id":"https:\/\/ykvn-law.com\/vi\/#\/schema\/logo\/image\/","url":"https:\/\/s3.ap-southeast-1.amazonaws.com\/ykvn-law.com\/wp-content\/uploads\/2019\/11\/ykvn-logo-for-design-gutters.png","contentUrl":"https:\/\/s3.ap-southeast-1.amazonaws.com\/ykvn-law.com\/wp-content\/uploads\/2019\/11\/ykvn-logo-for-design-gutters.png","width":2571,"height":1649,"caption":"YKVN"},"image":{"@id":"https:\/\/ykvn-law.com\/vi\/#\/schema\/logo\/image\/"},"sameAs":["https:\/\/www.facebook.com\/ykvnlawyers"]}]}},"_links":{"self":[{"href":"https:\/\/ykvn-law.com\/vi\/wp-json\/wp\/v2\/pages\/2049","targetHints":{"allow":["GET"]}}],"collection":[{"href":"https:\/\/ykvn-law.com\/vi\/wp-json\/wp\/v2\/pages"}],"about":[{"href":"https:\/\/ykvn-law.com\/vi\/wp-json\/wp\/v2\/types\/page"}],"author":[{"embeddable":true,"href":"https:\/\/ykvn-law.com\/vi\/wp-json\/wp\/v2\/users\/2"}],"replies":[{"embeddable":true,"href":"https:\/\/ykvn-law.com\/vi\/wp-json\/wp\/v2\/comments?post=2049"}],"version-history":[{"count":4,"href":"https:\/\/ykvn-law.com\/vi\/wp-json\/wp\/v2\/pages\/2049\/revisions"}],"predecessor-version":[{"id":12308,"href":"https:\/\/ykvn-law.com\/vi\/wp-json\/wp\/v2\/pages\/2049\/revisions\/12308"}],"wp:attachment":[{"href":"https:\/\/ykvn-law.com\/vi\/wp-json\/wp\/v2\/media?parent=2049"}],"curies":[{"name":"wp","href":"https:\/\/api.w.org\/{rel}","templated":true}]}}