{"id":15381,"date":"2024-12-30T17:49:13","date_gmt":"2024-12-30T10:49:13","guid":{"rendered":"http:\/\/13.250.117.83\/?page_id=15381"},"modified":"2024-12-31T00:11:45","modified_gmt":"2024-12-30T17:11:45","slug":"25nam","status":"publish","type":"page","link":"https:\/\/ykvn-law.com\/vi\/25nam\/","title":{"rendered":"YKVN 25 n\u0103m"},"content":{"rendered":"<div class=\"wpb-content-wrapper\">[mk_page_section bg_color=&#8221;#ffffff&#8221; border_color=&#8221;#ffffff&#8221; bg_position=&#8221;center bottom&#8221; bg_repeat=&#8221;no-repeat&#8221; bg_stretch=&#8221;true&#8221; adaptive_height=&#8221;true&#8221; max_height=&#8221;0&#8243; min_height=&#8221;0&#8243; full_width=&#8221;true&#8221; padding_top=&#8221;0&#8243; padding_bottom=&#8221;0&#8243; el_class=&#8221;header_logo&#8221; sidebar=&#8221;sidebar-1&#8243;][vc_column border_color=&#8221;#ffffff&#8221; blend_mode=&#8221;lighten&#8221; width=&#8221;1\/12&#8243; css=&#8221;.vc_custom_1733199887542{padding-top: 12px !important;padding-bottom: 10px !important;}&#8221; offset=&#8221;vc_hidden-sm vc_hidden-xs&#8221;][vc_single_image image=&#8221;14798&#8243; img_size=&#8221;full&#8221; onclick=&#8221;custom_link&#8221; css=&#8221;.vc_custom_1735028024279{margin-bottom: 0px !important;padding-top: 0px !important;}&#8221; link=&#8221;https:\/\/ykvn-law.com\/25years\/&#8221;][\/vc_column][vc_column width=&#8221;1\/12&#8243; offset=&#8221;vc_hidden-sm vc_hidden-xs&#8221;][vc_single_image image=&#8221;14899&#8243; img_size=&#8221;full&#8221; alignment=&#8221;right&#8221; onclick=&#8221;custom_link&#8221; css=&#8221;.vc_custom_1735038356786{margin-top: 48px !important;margin-bottom: 0px !important;padding-top: 0px !important;}&#8221; link=&#8221;https:\/\/ykvn-law.com\/25years&#8221;][\/vc_column][vc_column width=&#8221;1\/12&#8243;][vc_single_image image=&#8221;14897&#8243; img_size=&#8221;full&#8221; onclick=&#8221;custom_link&#8221; css=&#8221;.vc_custom_1735038205762{margin-top: 48px !important;margin-bottom: 0px !important;padding-top: 0px !important;}&#8221; link=&#8221;https:\/\/ykvn-law.com\/vi\/25nam\/&#8221;][\/vc_column][vc_column width=&#8221;9\/12&#8243;][vc_single_image image=&#8221;14801&#8243; img_size=&#8221;full&#8221; alignment=&#8221;right&#8221; onclick=&#8221;custom_link&#8221; css=&#8221;.vc_custom_1735578500828{margin-bottom: 0px !important;padding-top: 10px !important;padding-bottom: 10px !important;}&#8221; link=&#8221;https:\/\/ykvn-law.com\/vi\/&#8221;][\/vc_column][\/mk_page_section][mk_page_section bg_color=&#8221;#f2f2f2&#8243; bg_position=&#8221;center top&#8221; bg_repeat=&#8221;no-repeat&#8221; bg_stretch=&#8221;true&#8221; adaptive_height=&#8221;true&#8221; max_height=&#8221;0&#8243; min_height=&#8221;0&#8243; full_width=&#8221;true&#8221; padding_top=&#8221;0&#8243; sidebar=&#8221;sidebar-1&#8243;][vc_column][vc_raw_html css=&#8221;&#8221;]JTNDdmlkZW8lMjBhdXRvcGxheSUyMGxvb3AlMjBtdXRlZCUyMHBsYXlzaW5saW5lJTIwc3R5bGUlM0QlMjJ3aWR0aCUzQSUyMDEwMCUyNSUzQiUyMGhlaWdodCUzQSUyMGF1dG8lM0IlMjBvYmplY3QtZml0JTNBJTIwY292ZXIlM0IlMjIlM0UlMEElMjAlMjAlM0Nzb3VyY2UlMjBzcmMlM0QlMjJodHRwcyUzQSUyRiUyRnMzLmFwLXNvdXRoZWFzdC0xLmFtYXpvbmF3cy5jb20lMkZ5a3ZuLWxhdy5jb20lMkZ3cC1jb250ZW50JTJGdXBsb2FkcyUyRjIwMjQlMkYxMiUyRnlrdm5fMjV5ZWFycy1iYW5uZXJfNS5tcDQlMjIlM0UlMEElMjAlMjBZb3VyJTIwYnJvd3NlciUyMGRvZXMlMjBub3QlMjBzdXBwb3J0JTIwdGhlJTIwdmlkZW8lMjB0YWcuJTBBJTNDJTJGdmlkZW8lM0U=[\/vc_raw_html][\/vc_column][\/mk_page_section][mk_page_section bg_color=&#8221;#f2f2f2&#8243; sidebar=&#8221;sidebar-1&#8243;][vc_column][vc_empty_space height=&#8221;18px&#8221;][vc_column_text css=&#8221;.vc_custom_1735574753347{margin-bottom: 0px !important;}&#8221;]\n<h2 style=\"text-align: center;\">YKVN: Nh\u1eadn \u0110\u1ecbnh v\u1ec1 Vi\u1ec7t Nam, Kinh Nghi\u1ec7m, G\u00f3c Nh\u00ecn, T\u01b0 V\u1ea5n \u2013 T\u1ea5t C\u1ea3 T\u1ea1o N\u00ean S\u1ef1 Kh\u00e1c Bi\u1ec7t.<\/h2>\n[\/vc_column_text][vc_column_text css=&#8221;.vc_custom_1735574767582{margin-bottom: 0px !important;}&#8221;]\n<p style=\"font-family: 'Open Sans'; text-align: left; font-size: 15px;\"><span data-contrast=\"auto\">H\u00e0nh tr\u00ecnh ph\u00e1t tri\u1ec3n c\u1ee7a YKVN trong su\u1ed1t 25 n\u0103m qua g\u1eafn li\u1ec1n v\u1edbi s\u1ef1 ph\u00e1t tri\u1ec3n c\u1ee7a Vi\u1ec7t Nam. \u0110\u00f3 l\u00e0 c\u00e2u chuy\u1ec7n \u0111\u00e1ng kinh ng\u1ea1c v\u1ec1 s\u1ef1 chuy\u1ec3n m\u00ecnh: t\u1eeb nh\u1eefng b\u01b0\u1edbc \u0111i \u0111\u1ea7u ti\u00ean c\u1ee7a Vi\u1ec7t Nam trong vi\u1ec7c x\u00e2y d\u1ef1ng n\u1ec1n kinh t\u1ebf th\u1ecb tr\u01b0\u1eddng \u0111\u1ebfn nay, khi \u0111\u1ea5t n\u01b0\u1edbc \u0111\u00e3 v\u01b0\u01a1n l\u00ean tr\u1edf th\u00e0nh m\u1ed9t n\u1ec1n kinh t\u1ebf khu v\u1ef1c l\u1edbn m\u1ea1nh v\u00e0 ng\u00e0y c\u00e0ng kh\u1eb3ng \u0111\u1ecbnh v\u1ecb th\u1ebf tr\u00ean tr\u01b0\u1eddng qu\u1ed1c t\u1ebf.<br \/>\n<\/span><\/p>\n[\/vc_column_text][vc_column_text css=&#8221;.vc_custom_1735574786867{margin-bottom: 0px !important;}&#8221;]\n<p style=\"font-family: 'Open Sans'; text-align: left; font-size: 15px;\"><span data-ccp-props=\"{}\">V\u1edbi t\u1ea7m nh\u00ecn chung v\u1ec1 s\u1ef1 xu\u1ea5t s\u1eafc, c\u00e1c lu\u1eadt s\u01b0 th\u00e0nh vi\u00ean v\u00e0 lu\u1eadt s\u01b0 s\u00e1ng l\u1eadp c\u1ee7a ch\u00fang t\u00f4i \u0111\u00e3 \u0111i \u0111\u1ea7u trong nhi\u1ec1u giao d\u1ecbch v\u00e0 v\u1ee5 \u00e1n mang t\u00ednh c\u1ed9t m\u1ed1c t\u1ea1i Vi\u1ec7t Nam, \u0111\u00f3ng g\u00f3p nh\u1eadn \u0111\u1ecbnh, kinh nghi\u1ec7m, g\u00f3c nh\u00ecn v\u00e0 t\u01b0 v\u1ea5n \u0111\u1ed9c \u0111\u00e1o. C\u00e1c lu\u1eadt s\u01b0 c\u1ee7a YKVN \u0111\u00e3 d\u1eabn d\u1eaft ng\u00e0nh lu\u1eadt, tham gia v\u00e0o vi\u1ec7c so\u1ea1n th\u1ea3o c\u00e1c lu\u1eadt m\u1edbi v\u1edbi t\u01b0 c\u00e1ch l\u00e0 th\u00e0nh vi\u00ean Qu\u1ed1c h\u1ed9i Vi\u1ec7t Nam, thi\u1ebft l\u1eadp c\u00e1c \u00e1n l\u1ec7 m\u1edbi v\u1edbi vai tr\u00f2 th\u00e0nh vi\u00ean H\u1ed9i \u0111\u1ed3ng T\u01b0 v\u1ea5n \u00c1n l\u1ec7 c\u1ee7a T\u00f2a \u00e1n Nh\u00e2n d\u00e2n T\u1ed1i cao Vi\u1ec7t Nam, \u0111\u00f3ng g\u00f3p v\u00e0o c\u00e1c quy t\u1eafc tr\u1ecdng t\u00e0i m\u1edbi c\u1ee7a SIAC v\u1edbi vai tr\u00f2 th\u00e0nh vi\u00ean T\u00f2a Tr\u1ecdng t\u00e0i SIAC v\u00e0 \u0111\u1ecbnh h\u01b0\u1edbng ph\u00e1t tri\u1ec3n ngh\u1ec1 lu\u1eadt t\u1ea1i Vi\u1ec7t Nam v\u1edbi t\u01b0 c\u00e1ch l\u00e0 th\u00e0nh vi\u00ean Ban Th\u01b0\u1eddng v\u1ee5 Li\u00ean \u0111o\u00e0n Lu\u1eadt s\u01b0 Vi\u1ec7t Nam. C\u00e1c lu\u1eadt s\u01b0 YKVN c\u0169ng \u0111\u01b0\u1ee3c c\u00f4ng nh\u1eadn l\u00e0 c\u00e1c chuy\u00ean gia h\u00e0ng \u0111\u1ea7u v\u1ec1 Lu\u1eadt H\u1ee3p \u0111\u1ed3ng, Lu\u1eadt Doanh nghi\u1ec7p v\u00e0 \u00c1n l\u1ec7 c\u1ee7a Vi\u1ec7t Nam.<\/span><\/p>\n[\/vc_column_text][vc_column_text css=&#8221;.vc_custom_1735574798986{margin-bottom: 0px !important;}&#8221;]\n<p style=\"font-family: 'Open Sans'; text-align: left; font-size: 15px;\"><span data-ccp-props=\"{}\">S\u1ef1 k\u1ebft h\u1ee3p \u0111\u1ed9c \u0111\u00e1o gi\u1eefa k\u1ef9 n\u0103ng v\u00e0 kinh nghi\u1ec7m c\u1ee7a c\u00e1c lu\u1eadt s\u01b0, lu\u1eadt s\u01b0 th\u00e0nh vi\u00ean v\u00e0 l\u00e3nh \u0111\u1ea1o YKVN \u0111\u00e3 \u0111\u01b0\u1ee3c kh\u00e1ch h\u00e0ng v\u00e0 \u0111\u1ed3ng nghi\u1ec7p tr\u00ean to\u00e0n c\u1ea7u c\u00f4ng nh\u1eadn l\u00e0 ti\u00eau chu\u1ea9n ch\u1ea5t l\u01b0\u1ee3ng trong c\u00e1c l\u0129nh v\u1ef1c t\u01b0 v\u1ea5n then ch\u1ed1t, bao g\u1ed3m ng\u00e2n h\u00e0ng v\u00e0 t\u00e0i ch\u00ednh, t\u00e0i tr\u1ee3 d\u1ef1 \u00e1n, M&#038;A v\u00e0 \u0111\u1ea7u t\u01b0 t\u01b0 nh\u00e2n, th\u1ecb tr\u01b0\u1eddng v\u1ed1n, t\u1ed1 t\u1ee5ng, tr\u1ecdng t\u00e0i v\u00e0 tr\u1ecdng t\u00e0i qu\u1ed1c t\u1ebf.<\/span><\/p>\n[\/vc_column_text][vc_column_text css=&#8221;.vc_custom_1735574808996{margin-bottom: 0px !important;}&#8221;]\n<p style=\"font-family: 'Open Sans'; text-align: left; font-size: 15px;\"><span data-ccp-props=\"{}\">Ch\u00fang t\u00f4i \u0111\u00e3 s\u1eb5n s\u00e0ng cho t\u01b0\u01a1ng lai c\u1ee7a Vi\u1ec7t Nam.<\/p>\n<p><\/span><\/p>\n[\/vc_column_text][vc_empty_space][\/vc_column][\/mk_page_section][mk_page_section bg_color=&#8221;#ffffff&#8221; sidebar=&#8221;sidebar-1&#8243;][vc_column][vc_empty_space height=&#8221;82px&#8221;][vc_column_text css=&#8221;.vc_custom_1735574826391{margin-bottom: 0px !important;margin-left: 15px !important;}&#8221;]\n<p style=\"font-family: 'open sans'; font-size: 42px; text-align: left;\"><strong>T\u1eeb C\u1ed9t M\u1ed1c \u0111\u1ebfn Ch\u00e2n Tr\u1eddi: 25 n\u0103m v\u00e0 xa h\u01a1n n\u1eefa<br \/>\n<\/strong><\/p>\n[\/vc_column_text][vc_empty_space][\/vc_column][\/mk_page_section][vc_section][vc_row][vc_column width=&#8221;1\/2&#8243; offset=&#8221;vc_col-xs-12&#8243;][vc_single_image image=&#8221;14944&#8243; img_size=&#8221;full&#8221; alignment=&#8221;center&#8221; onclick=&#8221;custom_link&#8221; css_animation=&#8221;fadeInUp&#8221; css=&#8221;&#8221; link=&#8221;https:\/\/ykvn-law.com\/vi\/25-nam-cuoi1980-1999&#8243;][\/vc_column][vc_column width=&#8221;1\/2&#8243; offset=&#8221;vc_col-xs-12&#8243;][vc_single_image image=&#8221;15472&#8243; img_size=&#8221;full&#8221; alignment=&#8221;center&#8221; onclick=&#8221;custom_link&#8221; css_animation=&#8221;fadeInUp&#8221; css=&#8221;&#8221; link=&#8221;https:\/\/ykvn-law.com\/vi\/25-nam-2000-2009&#8243;][\/vc_column][\/vc_row][vc_row][vc_column width=&#8221;1\/2&#8243; offset=&#8221;vc_col-xs-12&#8243;][vc_single_image image=&#8221;14938&#8243; img_size=&#8221;full&#8221; alignment=&#8221;center&#8221; onclick=&#8221;custom_link&#8221; css_animation=&#8221;fadeInUp&#8221; css=&#8221;&#8221; link=&#8221;https:\/\/ykvn-law.com\/vi\/25-nam-2010-2019&#8243;][\/vc_column][vc_column width=&#8221;1\/2&#8243; offset=&#8221;vc_col-xs-12&#8243;][vc_single_image image=&#8221;14940&#8243; img_size=&#8221;full&#8221; alignment=&#8221;center&#8221; onclick=&#8221;custom_link&#8221; css_animation=&#8221;fadeInUp&#8221; css=&#8221;&#8221; link=&#8221;https:\/\/ykvn-law.com\/vi\/25-nam-2020-trodi&#8221;][\/vc_column][\/vc_row][\/vc_section][vc_row][vc_column][vc_single_image image=&#8221;15387&#8243; img_size=&#8221;&#8221; alignment=&#8221;center&#8221; onclick=&#8221;custom_link&#8221; css=&#8221;&#8221; link=&#8221;https:\/\/ykvn-law.com\/&#8221;][\/vc_column][\/vc_row]\n<\/div>","protected":false},"excerpt":{"rendered":"<p>[mk_page_section bg_color=&#8221;#ffffff&#8221; border_color=&#8221;#ffffff&#8221; bg_position=&#8221;center bottom&#8221; bg_repeat=&#8221;no-repeat&#8221; bg_stretch=&#8221;true&#8221; adaptive_height=&#8221;true&#8221; max_height=&#8221;0&#8243; min_height=&#8221;0&#8243; full_width=&#8221;true&#8221; padding_top=&#8221;0&#8243; padding_bottom=&#8221;0&#8243; el_class=&#8221;header_logo&#8221; sidebar=&#8221;sidebar-1&#8243;][vc_column border_color=&#8221;#ffffff&#8221; blend_mode=&#8221;lighten&#8221; width=&#8221;1\/12&#8243; css=&#8221;.vc_custom_1733199887542{padding-top: 12px !important;padding-bottom: 10px !important;}&#8221; offset=&#8221;vc_hidden-sm vc_hidden-xs&#8221;][vc_single_image image=&#8221;14798&#8243; img_size=&#8221;full&#8221; onclick=&#8221;custom_link&#8221; css=&#8221;.vc_custom_1735028024279{margin-bottom: 0px !important;padding-top: 0px !important;}&#8221; link=&#8221;https:\/\/ykvn-law.com\/25years\/&#8221;][\/vc_column][vc_column width=&#8221;1\/12&#8243; offset=&#8221;vc_hidden-sm vc_hidden-xs&#8221;][vc_single_image image=&#8221;14899&#8243; img_size=&#8221;full&#8221; alignment=&#8221;right&#8221; onclick=&#8221;custom_link&#8221; css=&#8221;.vc_custom_1735038356786{margin-top: 48px !important;margin-bottom: 0px !important;padding-top: 0px !important;}&#8221; link=&#8221;https:\/\/ykvn-law.com\/25years&#8221;][\/vc_column][vc_column width=&#8221;1\/12&#8243;][vc_single_image image=&#8221;14897&#8243; img_size=&#8221;full&#8221; onclick=&#8221;custom_link&#8221; css=&#8221;.vc_custom_1735038205762{margin-top: 48px [&hellip;]<\/p>\n","protected":false},"author":18,"featured_media":0,"parent":0,"menu_order":0,"comment_status":"closed","ping_status":"closed","template":"","meta":{"_acf_changed":false,"footnotes":""},"class_list":["post-15381","page","type-page","status-publish","hentry"],"acf":[],"yoast_head":"<!-- This site is optimized with the Yoast SEO plugin v25.3.1 - https:\/\/yoast.com\/wordpress\/plugins\/seo\/ -->\n<title>YKVN 25 n\u0103m - YKVN<\/title>\n<meta name=\"description\" content=\"K\u1ef7 ni\u1ec7m 25 n\u0103m ti\u00ean phong ph\u00e1t tri\u1ec3n v\u00e0 th\u00e0nh c\u00f4ng.\" \/>\n<meta name=\"robots\" content=\"index, follow, max-snippet:-1, max-image-preview:large, max-video-preview:-1\" \/>\n<link rel=\"canonical\" href=\"https:\/\/ykvn-law.com\/vi\/25nam\/\" \/>\n<meta property=\"og:locale\" content=\"vi_VN\" \/>\n<meta property=\"og:type\" content=\"article\" \/>\n<meta property=\"og:title\" content=\"YKVN 25 n\u0103m - YKVN\" \/>\n<meta property=\"og:description\" content=\"K\u1ef7 ni\u1ec7m 25 n\u0103m ti\u00ean phong ph\u00e1t tri\u1ec3n v\u00e0 th\u00e0nh c\u00f4ng.\" \/>\n<meta property=\"og:url\" content=\"https:\/\/ykvn-law.com\/vi\/25nam\/\" \/>\n<meta property=\"og:site_name\" content=\"YKVN\" \/>\n<meta property=\"article:publisher\" content=\"https:\/\/www.facebook.com\/ykvnlawyers\" \/>\n<meta property=\"article:modified_time\" content=\"2024-12-30T17:11:45+00:00\" \/>\n<meta name=\"twitter:card\" content=\"summary_large_image\" \/>\n<meta name=\"twitter:label1\" content=\"Est. reading time\" \/>\n\t<meta name=\"twitter:data1\" content=\"3 minutes\" \/>\n<script type=\"application\/ld+json\" class=\"yoast-schema-graph\">{\"@context\":\"https:\/\/schema.org\",\"@graph\":[{\"@type\":\"WebPage\",\"@id\":\"https:\/\/ykvn-law.com\/vi\/25nam\/\",\"url\":\"https:\/\/ykvn-law.com\/vi\/25nam\/\",\"name\":\"YKVN 25 n\u0103m - YKVN\",\"isPartOf\":{\"@id\":\"https:\/\/ykvn-law.com\/vi\/#website\"},\"datePublished\":\"2024-12-30T10:49:13+00:00\",\"dateModified\":\"2024-12-30T17:11:45+00:00\",\"description\":\"K\u1ef7 ni\u1ec7m 25 n\u0103m ti\u00ean phong ph\u00e1t tri\u1ec3n v\u00e0 th\u00e0nh c\u00f4ng.\",\"breadcrumb\":{\"@id\":\"https:\/\/ykvn-law.com\/vi\/25nam\/#breadcrumb\"},\"inLanguage\":\"vi-VN\",\"potentialAction\":[{\"@type\":\"ReadAction\",\"target\":[\"https:\/\/ykvn-law.com\/vi\/25nam\/\"]}]},{\"@type\":\"BreadcrumbList\",\"@id\":\"https:\/\/ykvn-law.com\/vi\/25nam\/#breadcrumb\",\"itemListElement\":[{\"@type\":\"ListItem\",\"position\":1,\"name\":\"Home\",\"item\":\"https:\/\/ykvn-law.com\/vi\/\"},{\"@type\":\"ListItem\",\"position\":2,\"name\":\"YKVN 25 n\u0103m\"}]},{\"@type\":\"WebSite\",\"@id\":\"https:\/\/ykvn-law.com\/vi\/#website\",\"url\":\"https:\/\/ykvn-law.com\/vi\/\",\"name\":\"YKVN\",\"description\":\"\",\"publisher\":{\"@id\":\"https:\/\/ykvn-law.com\/vi\/#organization\"},\"potentialAction\":[{\"@type\":\"SearchAction\",\"target\":{\"@type\":\"EntryPoint\",\"urlTemplate\":\"https:\/\/ykvn-law.com\/vi\/?s={search_term_string}\"},\"query-input\":{\"@type\":\"PropertyValueSpecification\",\"valueRequired\":true,\"valueName\":\"search_term_string\"}}],\"inLanguage\":\"vi-VN\"},{\"@type\":\"Organization\",\"@id\":\"https:\/\/ykvn-law.com\/vi\/#organization\",\"name\":\"YKVN\",\"url\":\"https:\/\/ykvn-law.com\/vi\/\",\"logo\":{\"@type\":\"ImageObject\",\"inLanguage\":\"vi-VN\",\"@id\":\"https:\/\/ykvn-law.com\/vi\/#\/schema\/logo\/image\/\",\"url\":\"https:\/\/s3.ap-southeast-1.amazonaws.com\/ykvn-law.com\/wp-content\/uploads\/2019\/11\/ykvn-logo-for-design-gutters.png\",\"contentUrl\":\"https:\/\/s3.ap-southeast-1.amazonaws.com\/ykvn-law.com\/wp-content\/uploads\/2019\/11\/ykvn-logo-for-design-gutters.png\",\"width\":2571,\"height\":1649,\"caption\":\"YKVN\"},\"image\":{\"@id\":\"https:\/\/ykvn-law.com\/vi\/#\/schema\/logo\/image\/\"},\"sameAs\":[\"https:\/\/www.facebook.com\/ykvnlawyers\"]}]}<\/script>\n<!-- \/ Yoast SEO plugin. -->","yoast_head_json":{"title":"YKVN 25 n\u0103m - YKVN","description":"K\u1ef7 ni\u1ec7m 25 n\u0103m ti\u00ean phong ph\u00e1t tri\u1ec3n v\u00e0 th\u00e0nh c\u00f4ng.","robots":{"index":"index","follow":"follow","max-snippet":"max-snippet:-1","max-image-preview":"max-image-preview:large","max-video-preview":"max-video-preview:-1"},"canonical":"https:\/\/ykvn-law.com\/vi\/25nam\/","og_locale":"vi_VN","og_type":"article","og_title":"YKVN 25 n\u0103m - YKVN","og_description":"K\u1ef7 ni\u1ec7m 25 n\u0103m ti\u00ean phong ph\u00e1t tri\u1ec3n v\u00e0 th\u00e0nh c\u00f4ng.","og_url":"https:\/\/ykvn-law.com\/vi\/25nam\/","og_site_name":"YKVN","article_publisher":"https:\/\/www.facebook.com\/ykvnlawyers","article_modified_time":"2024-12-30T17:11:45+00:00","twitter_card":"summary_large_image","twitter_misc":{"Est. reading time":"3 minutes"},"schema":{"@context":"https:\/\/schema.org","@graph":[{"@type":"WebPage","@id":"https:\/\/ykvn-law.com\/vi\/25nam\/","url":"https:\/\/ykvn-law.com\/vi\/25nam\/","name":"YKVN 25 n\u0103m - YKVN","isPartOf":{"@id":"https:\/\/ykvn-law.com\/vi\/#website"},"datePublished":"2024-12-30T10:49:13+00:00","dateModified":"2024-12-30T17:11:45+00:00","description":"K\u1ef7 ni\u1ec7m 25 n\u0103m ti\u00ean phong ph\u00e1t tri\u1ec3n v\u00e0 th\u00e0nh c\u00f4ng.","breadcrumb":{"@id":"https:\/\/ykvn-law.com\/vi\/25nam\/#breadcrumb"},"inLanguage":"vi-VN","potentialAction":[{"@type":"ReadAction","target":["https:\/\/ykvn-law.com\/vi\/25nam\/"]}]},{"@type":"BreadcrumbList","@id":"https:\/\/ykvn-law.com\/vi\/25nam\/#breadcrumb","itemListElement":[{"@type":"ListItem","position":1,"name":"Home","item":"https:\/\/ykvn-law.com\/vi\/"},{"@type":"ListItem","position":2,"name":"YKVN 25 n\u0103m"}]},{"@type":"WebSite","@id":"https:\/\/ykvn-law.com\/vi\/#website","url":"https:\/\/ykvn-law.com\/vi\/","name":"YKVN","description":"","publisher":{"@id":"https:\/\/ykvn-law.com\/vi\/#organization"},"potentialAction":[{"@type":"SearchAction","target":{"@type":"EntryPoint","urlTemplate":"https:\/\/ykvn-law.com\/vi\/?s={search_term_string}"},"query-input":{"@type":"PropertyValueSpecification","valueRequired":true,"valueName":"search_term_string"}}],"inLanguage":"vi-VN"},{"@type":"Organization","@id":"https:\/\/ykvn-law.com\/vi\/#organization","name":"YKVN","url":"https:\/\/ykvn-law.com\/vi\/","logo":{"@type":"ImageObject","inLanguage":"vi-VN","@id":"https:\/\/ykvn-law.com\/vi\/#\/schema\/logo\/image\/","url":"https:\/\/s3.ap-southeast-1.amazonaws.com\/ykvn-law.com\/wp-content\/uploads\/2019\/11\/ykvn-logo-for-design-gutters.png","contentUrl":"https:\/\/s3.ap-southeast-1.amazonaws.com\/ykvn-law.com\/wp-content\/uploads\/2019\/11\/ykvn-logo-for-design-gutters.png","width":2571,"height":1649,"caption":"YKVN"},"image":{"@id":"https:\/\/ykvn-law.com\/vi\/#\/schema\/logo\/image\/"},"sameAs":["https:\/\/www.facebook.com\/ykvnlawyers"]}]}},"_links":{"self":[{"href":"https:\/\/ykvn-law.com\/vi\/wp-json\/wp\/v2\/pages\/15381","targetHints":{"allow":["GET"]}}],"collection":[{"href":"https:\/\/ykvn-law.com\/vi\/wp-json\/wp\/v2\/pages"}],"about":[{"href":"https:\/\/ykvn-law.com\/vi\/wp-json\/wp\/v2\/types\/page"}],"author":[{"embeddable":true,"href":"https:\/\/ykvn-law.com\/vi\/wp-json\/wp\/v2\/users\/18"}],"replies":[{"embeddable":true,"href":"https:\/\/ykvn-law.com\/vi\/wp-json\/wp\/v2\/comments?post=15381"}],"version-history":[{"count":42,"href":"https:\/\/ykvn-law.com\/vi\/wp-json\/wp\/v2\/pages\/15381\/revisions"}],"predecessor-version":[{"id":15476,"href":"https:\/\/ykvn-law.com\/vi\/wp-json\/wp\/v2\/pages\/15381\/revisions\/15476"}],"wp:attachment":[{"href":"https:\/\/ykvn-law.com\/vi\/wp-json\/wp\/v2\/media?parent=15381"}],"curies":[{"name":"wp","href":"https:\/\/api.w.org\/{rel}","templated":true}]}}